{"id":62777,"date":"2024-01-17T20:19:20","date_gmt":"2024-01-17T20:19:20","guid":{"rendered":"https:\/\/www.schwankgroup.com\/?page_id=62777"},"modified":"2024-01-17T20:19:31","modified_gmt":"2024-01-17T20:19:31","slug":"schwank-50-thank-you","status":"publish","type":"page","link":"https:\/\/www.schwankgroup.com\/fr\/schwank-50-thank-you\/","title":{"rendered":"Anniversaire des 50 ans de Schwank - Merci"},"content":{"rendered":"\n[et_pb_section fb_built=&#8221;1&#8243; custom_padding_last_edited=&#8221;on|phone&#8221; _builder_version=&#8221;4.16&#8243; _module_preset=&#8221;default&#8221; background_color=&#8221;#ffffff&#8221; custom_padding_tablet=&#8221;15px||15px||false|false&#8221; custom_padding_phone=&#8221;10px||20px||false|false&#8221; da_disable_devices=&#8221;off|off|off&#8221; global_colors_info=&#8221;{}&#8221; da_is_popup=&#8221;off&#8221; da_exit_intent=&#8221;off&#8221; da_has_close=&#8221;on&#8221; da_alt_close=&#8221;off&#8221; da_dark_close=&#8221;off&#8221; da_not_modal=&#8221;on&#8221; da_is_singular=&#8221;off&#8221; da_with_loader=&#8221;off&#8221; da_has_shadow=&#8221;on&#8221;][et_pb_row custom_padding_last_edited=&#8221;on|phone&#8221; _builder_version=&#8221;4.16&#8243; _module_preset=&#8221;default&#8221; custom_padding=&#8221;||46px||false|false&#8221; custom_padding_tablet=&#8221;|0%|40px||false|false&#8221; custom_padding_phone=&#8221;||40px||false|false&#8221; global_colors_info=&#8221;{}&#8221;][et_pb_column type=&#8221;4_4&#8243; _builder_version=&#8221;4.16&#8243; _module_preset=&#8221;default&#8221; global_colors_info=&#8221;{}&#8221;][et_pb_text _builder_version=&#8221;4.23.4&#8243; _module_preset=&#8221;default&#8221; custom_padding=&#8221;||||false|false&#8221; hover_enabled=&#8221;0&#8243; global_colors_info=&#8221;{}&#8221; sticky_enabled=&#8221;0&#8243;]<h1><span>Your RSVP is confirmed!<\/span><\/h1>\n<h4><span><\/span><\/h4>\n<h4><span>We look forward to celebrating our 50-year anniversary event with you.<\/span><\/h4>\n<p><span>Date: Tuesday, June 18, 2024<\/span><br \/><span>Location: Toronto, Canada (more details will follow)<\/span><span><\/span><\/p>\n<p><span>You will receive event emails with more details in the coming weeks. Please bookmark the event page for regular updates <a href=\"https:\/\/www.schwankgroup.com\/schwank-50\/\" target=\"_blank\" rel=\"noopener\">https:\/\/www.schwankgroup.com\/schwank-50\/\u00a0<\/a><\/span><\/p>\n<p>&nbsp;<\/p>\n<p><span>\u00a0<\/span><\/p>[\/et_pb_text][\/et_pb_column][\/et_pb_row][\/et_pb_section][et_pb_section fb_built=&#8221;1&#8243; custom_padding_last_edited=&#8221;on|phone&#8221; admin_label=&#8221;Section&#8221; _builder_version=&#8221;4.7.7&#8243; _module_preset=&#8221;default&#8221; background_color=&#8221;#f4f4f4&#8243; custom_padding=&#8221;24px|||||&#8221; custom_padding_tablet=&#8221;10px||45px||false|false&#8221; custom_padding_phone=&#8221;10px||30px||false|false&#8221; da_disable_devices=&#8221;off|off|off&#8221; global_module=&#8221;14804&#8243; saved_tabs=&#8221;all&#8221; locked=&#8221;off&#8221; global_colors_info=&#8221;{}&#8221; da_is_popup=&#8221;off&#8221; da_exit_intent=&#8221;off&#8221; da_has_close=&#8221;on&#8221; da_alt_close=&#8221;off&#8221; da_dark_close=&#8221;off&#8221; da_not_modal=&#8221;on&#8221; da_is_singular=&#8221;off&#8221; da_with_loader=&#8221;off&#8221; da_has_shadow=&#8221;on&#8221;][et_pb_row custom_padding_last_edited=&#8221;on|desktop&#8221; _builder_version=&#8221;4.16&#8243; _module_preset=&#8221;default&#8221; custom_padding=&#8221;|20%|||false|false&#8221; custom_padding_tablet=&#8221;|0%|||false|false&#8221; custom_padding_phone=&#8221;&#8221; global_colors_info=&#8221;{}&#8221;][et_pb_column type=&#8221;4_4&#8243; _builder_version=&#8221;4.16&#8243; _module_preset=&#8221;default&#8221; global_colors_info=&#8221;{}&#8221;][et_pb_text _builder_version=&#8221;4.22.0&#8243; _module_preset=&#8221;default&#8221; custom_padding=&#8221;|30%|||false|false&#8221; custom_padding_tablet=&#8221;|0%|||false|false&#8221; custom_padding_phone=&#8221;&#8221; custom_padding_last_edited=&#8221;on|desktop&#8221; global_colors_info=&#8221;{}&#8221;]<h3><span style=\"color: #000000;\">Get started<\/span><\/h3>\n<h3>For more information or to purchase, contact us<\/h3>[\/et_pb_text][\/et_pb_column][\/et_pb_row][et_pb_row column_structure=&#8221;1_3,1_3,1_3&#8243; make_equal=&#8221;on&#8221; module_class=&#8221;gq_r_fixed_buttons&#8221; _builder_version=&#8221;4.16&#8243; _module_preset=&#8221;default&#8221; background_enable_color=&#8221;off&#8221; min_height=&#8221;259.9px&#8221; custom_margin=&#8221;||||false|false&#8221; custom_padding=&#8221;0px||0px||false|false&#8221; global_colors_info=&#8221;{}&#8221;][et_pb_column type=&#8221;1_3&#8243; _builder_version=&#8221;4.16&#8243; _module_preset=&#8221;default&#8221; background_color=&#8221;#ffffff&#8221; global_colors_info=&#8221;{}&#8221;][et_pb_blurb use_icon=&#8221;on&#8221; font_icon=&#8221;&#x77;||divi||400&#8243; image_icon_width=&#8221;45px&#8221; _builder_version=&#8221;4.16&#8243; _module_preset=&#8221;default&#8221; custom_margin=&#8221;||0px||false|false&#8221; custom_padding=&#8221;40px||||false|false&#8221; icon_font_size=&#8221;45px&#8221; global_colors_info=&#8221;{}&#8221;][\/et_pb_blurb][et_pb_text _builder_version=&#8221;4.16&#8243; _module_preset=&#8221;default&#8221; text_font=&#8221;Helvetica Neue LT 83||||||||&#8221; text_font_size=&#8221;19px&#8221; header_2_font_size=&#8221;21px&#8221; header_5_font_size=&#8221;9px&#8221; header_6_text_color=&#8221;#e25303&#8243; header_6_letter_spacing=&#8221;1px&#8221; header_6_line_height=&#8221;1.4em&#8221; custom_margin=&#8221;||8px||false|false&#8221; custom_padding=&#8221;20px|30px|0px|30px|false|true&#8221; global_colors_info=&#8221;{}&#8221;]<h4>Get in touch<\/h4>[\/et_pb_text][et_pb_text _builder_version=&#8221;4.23&#8243; _module_preset=&#8221;default&#8221; custom_margin=&#8221;-8px||19px||false|false&#8221; custom_padding=&#8221;0px|30px||30px|false|true&#8221; global_colors_info=&#8221;{}&#8221;]<p>For general inquiries, please call us toll-free (USA &amp; Canada) 1-877-686-3779 or email our experts.\u00a0<\/p>[\/et_pb_text][et_pb_button button_url=&#8221;mailto:csr@schwankgroup.com&#8221; button_text=&#8221;Email our experts&#8221; _builder_version=&#8221;4.16&#8243; _module_preset=&#8221;default&#8221; custom_button=&#8221;on&#8221; custom_margin=&#8221;|30px|20px|30px|false|true&#8221; custom_padding=&#8221;||||false|false&#8221; global_colors_info=&#8221;{}&#8221;][\/et_pb_button][\/et_pb_column][et_pb_column type=&#8221;1_3&#8243; _builder_version=&#8221;4.16&#8243; _module_preset=&#8221;default&#8221; background_color=&#8221;#ffffff&#8221; background_enable_image=&#8221;off&#8221; global_colors_info=&#8221;{}&#8221;][et_pb_blurb use_icon=&#8221;on&#8221; font_icon=&#8221;&#xe01d;||divi||400&#8243; image_icon_width=&#8221;45px&#8221; _builder_version=&#8221;4.16&#8243; _module_preset=&#8221;default&#8221; custom_margin=&#8221;||0px||false|false&#8221; custom_padding=&#8221;40px||||false|false&#8221; icon_font_size=&#8221;45px&#8221; global_colors_info=&#8221;{}&#8221;][\/et_pb_blurb][et_pb_text _builder_version=&#8221;4.16&#8243; _module_preset=&#8221;default&#8221; text_font=&#8221;Helvetica Neue LT 83||||||||&#8221; text_font_size=&#8221;19px&#8221; header_2_font_size=&#8221;21px&#8221; header_5_font_size=&#8221;9px&#8221; header_6_text_color=&#8221;#e25303&#8243; header_6_letter_spacing=&#8221;1px&#8221; header_6_line_height=&#8221;1.4em&#8221; custom_margin=&#8221;||8px||false|false&#8221; custom_padding=&#8221;20px|30px|0px|30px|false|true&#8221; global_colors_info=&#8221;{}&#8221;]<h4>Where to buy<\/h4>[\/et_pb_text][et_pb_text _builder_version=&#8221;4.16&#8243; _module_preset=&#8221;default&#8221; custom_margin=&#8221;-8px||||false|false&#8221; custom_padding=&#8221;0px|30px|20px|30px|false|true&#8221; global_colors_info=&#8221;{}&#8221;]<p>Schwank reps will help you select the units and designs that best fit your application, at no charge.<\/p>[\/et_pb_text][et_pb_button button_url=&#8221;\/locator\/&#8221; button_text=&#8221;Locator map&#8221; _builder_version=&#8221;4.16&#8243; _module_preset=&#8221;default&#8221; custom_button=&#8221;on&#8221; custom_margin=&#8221;|30px|20px|30px|false|true&#8221; custom_padding=&#8221;||||false|false&#8221; global_colors_info=&#8221;{}&#8221;][\/et_pb_button][\/et_pb_column][et_pb_column type=&#8221;1_3&#8243; _builder_version=&#8221;4.16&#8243; _module_preset=&#8221;default&#8221; background_color=&#8221;#ffffff&#8221; background_enable_image=&#8221;off&#8221; global_colors_info=&#8221;{}&#8221;][et_pb_blurb use_icon=&#8221;on&#8221; font_icon=&#8221;&#x6b;||divi||400&#8243; image_icon_width=&#8221;45px&#8221; _builder_version=&#8221;4.16&#8243; _module_preset=&#8221;default&#8221; custom_margin=&#8221;||0px||false|false&#8221; custom_padding=&#8221;40px||||false|false&#8221; icon_font_size=&#8221;45px&#8221; global_colors_info=&#8221;{}&#8221;][\/et_pb_blurb][et_pb_text _builder_version=&#8221;4.16&#8243; _module_preset=&#8221;default&#8221; text_font=&#8221;Helvetica Neue LT 83||||||||&#8221; text_font_size=&#8221;19px&#8221; header_2_font_size=&#8221;21px&#8221; header_5_font_size=&#8221;9px&#8221; header_6_text_color=&#8221;#e25303&#8243; header_6_letter_spacing=&#8221;1px&#8221; header_6_line_height=&#8221;1.4em&#8221; custom_margin=&#8221;||8px||false|false&#8221; custom_padding=&#8221;20px|30px|0px|30px|false|true&#8221; global_colors_info=&#8221;{}&#8221;]<h4>Request a design<\/h4>[\/et_pb_text][et_pb_text _builder_version=&#8221;4.23&#8243; _module_preset=&#8221;default&#8221; custom_margin=&#8221;-8px||||false|false&#8221; custom_padding=&#8221;0px|30px|20px|30px|false|true&#8221; global_colors_info=&#8221;{}&#8221;]<p>We can recommend, support specifying, and be a partner through the entire design process.<\/p>[\/et_pb_text][et_pb_button button_url=&#8221;\/support&#8221; button_text=&#8221;Request your design&#8221; _builder_version=&#8221;4.16&#8243; _module_preset=&#8221;default&#8221; custom_button=&#8221;on&#8221; custom_margin=&#8221;|30px|20px|30px|false|true&#8221; custom_padding=&#8221;||||false|false&#8221; global_colors_info=&#8221;{}&#8221;][\/et_pb_button][\/et_pb_column][\/et_pb_row][\/et_pb_section]\n","protected":false},"excerpt":{"rendered":"<p>Votre RSVP est confirm\u00e9 ! Nous nous r\u00e9jouissons de c\u00e9l\u00e9brer avec vous notre 50e anniversaire. Date de l'\u00e9v\u00e9nement : Mardi 18 juin 2024Lieu : Toronto, Canada (plus de d\u00e9tails suivront) Vous recevrez des courriels sur l'\u00e9v\u00e9nement avec plus de d\u00e9tails dans les semaines \u00e0 venir. Marquez la page de l'\u00e9v\u00e9nement d'un signet pour des mises \u00e0 jour r\u00e9guli\u00e8res https:\/\/www.schwankgroup.com\/schwank-50\/ Commencer Pour plus d'informations ou pour acheter, contactez-nousContactez-nousPour des questions d'ordre g\u00e9n\u00e9ral, appelez-nous sans frais (\u00c9tats-Unis et Canada) au 1-877-686-3779 ou envoyez un courriel \u00e0 nos experts. O\u00f9 acheterLes repr\u00e9sentants de Schwank vous aideront gratuitement \u00e0 s\u00e9lectionner les unit\u00e9s et les mod\u00e8les qui conviennent le mieux \u00e0 votre application.Demander un mod\u00e8leNous pouvons vous recommander, vous aider \u00e0 \u00e9tablir des sp\u00e9cifications et \u00eatre un partenaire tout au long du processus de conception.<\/p>","protected":false},"author":3377,"featured_media":0,"parent":0,"menu_order":7,"comment_status":"closed","ping_status":"closed","template":"","meta":{"_acf_changed":false,"_et_pb_use_builder":"on","_et_pb_old_content":"","_et_gb_content_width":"","footnotes":""},"class_list":["post-62777","page","type-page","status-publish","hentry"],"acf":[],"aioseo_notices":[],"_links":{"self":[{"href":"https:\/\/www.schwankgroup.com\/fr\/wp-json\/wp\/v2\/pages\/62777","targetHints":{"allow":["GET"]}}],"collection":[{"href":"https:\/\/www.schwankgroup.com\/fr\/wp-json\/wp\/v2\/pages"}],"about":[{"href":"https:\/\/www.schwankgroup.com\/fr\/wp-json\/wp\/v2\/types\/page"}],"author":[{"embeddable":true,"href":"https:\/\/www.schwankgroup.com\/fr\/wp-json\/wp\/v2\/users\/3377"}],"replies":[{"embeddable":true,"href":"https:\/\/www.schwankgroup.com\/fr\/wp-json\/wp\/v2\/comments?post=62777"}],"version-history":[{"count":0,"href":"https:\/\/www.schwankgroup.com\/fr\/wp-json\/wp\/v2\/pages\/62777\/revisions"}],"wp:attachment":[{"href":"https:\/\/www.schwankgroup.com\/fr\/wp-json\/wp\/v2\/media?parent=62777"}],"curies":[{"name":"wp","href":"https:\/\/api.w.org\/{rel}","templated":true}]}}