{"id":4607,"date":"2015-05-16T23:07:00","date_gmt":"2015-05-16T23:07:00","guid":{"rendered":"http:\/\/flashy-signature.flywheelsites.com\/?page_id=4607"},"modified":"2025-02-05T15:13:46","modified_gmt":"2025-02-05T15:13:46","slug":"login","status":"publish","type":"page","link":"https:\/\/www.schwankgroup.com\/fr\/login\/","title":{"rendered":"Connexion"},"content":{"rendered":"\n[et_pb_section fb_built=&#8221;1&#8243; admin_label=&#8221;section&#8221; _builder_version=&#8221;4.16&#8243; custom_padding=&#8221;40px||84px|||&#8221; da_disable_devices=&#8221;off|off|off&#8221; global_colors_info=&#8221;{}&#8221; da_is_popup=&#8221;off&#8221; da_exit_intent=&#8221;off&#8221; da_has_close=&#8221;on&#8221; da_alt_close=&#8221;off&#8221; da_dark_close=&#8221;off&#8221; da_not_modal=&#8221;on&#8221; da_is_singular=&#8221;off&#8221; da_with_loader=&#8221;off&#8221; da_has_shadow=&#8221;on&#8221;][et_pb_row admin_label=&#8221;row&#8221; _builder_version=&#8221;4.16&#8243; background_size=&#8221;initial&#8221; background_position=&#8221;top_left&#8221; background_repeat=&#8221;repeat&#8221; custom_padding=&#8221;||8px|||&#8221; global_colors_info=&#8221;{}&#8221;][et_pb_column type=&#8221;4_4&#8243; _builder_version=&#8221;4.16&#8243; custom_padding=&#8221;|||&#8221; global_colors_info=&#8221;{}&#8221; custom_padding__hover=&#8221;|||&#8221;][et_pb_text admin_label=&#8221;Text&#8221; _builder_version=&#8221;4.24.0&#8243; background_size=&#8221;initial&#8221; background_position=&#8221;top_left&#8221; background_repeat=&#8221;repeat&#8221; global_colors_info=&#8221;{}&#8221;]<h1>Schwank Login<\/h1>\n<p>Enter your login information in order to view additional information on the website.<\/p>\n<p>By registering and logging in with your Schwank ID you will receive access to the following:<\/p>\n<ul>\n<li>Additional Resources<\/li>\n<li>Pricing (Only for authorized partners)<\/li>\n<li>Technical documentation<\/li>\n<li>Marketing brand toolkit<\/li>\n<\/ul>[\/et_pb_text][\/et_pb_column][\/et_pb_row][et_pb_row column_structure=&#8221;1_2,1_2&#8243; use_custom_gutter=&#8221;on&#8221; gutter_width=&#8221;3&#8243; disabled_on=&#8221;off|off|off&#8221; _builder_version=&#8221;4.24.0&#8243; _module_preset=&#8221;default&#8221; background_color=&#8221;#f4f4f4&#8243; custom_padding=&#8221;40px|40px|40px|40px|true|true&#8221; global_colors_info=&#8221;{}&#8221;][et_pb_column type=&#8221;1_2&#8243; _builder_version=&#8221;4.16&#8243; _module_preset=&#8221;default&#8221; global_colors_info=&#8221;{}&#8221;][et_pb_login title=&#8221;Login&#8221; disabled_on=&#8221;off|off|off&#8221; _builder_version=&#8221;4.24.0&#8243; _module_preset=&#8221;default&#8221; header_text_color=&#8221;#e25303&#8243; header_font_size=&#8221;15px&#8221; body_font_size=&#8221;15px&#8221; form_field_font_size=&#8221;15px&#8221; background_color=&#8221;rgba(0,0,0,0)&#8221; background_layout=&#8221;light&#8221; custom_padding=&#8221;0px|0px||0px|false|false&#8221; border_radii_fields=&#8221;on|0px|0px|0px|0px&#8221; global_colors_info=&#8221;{}&#8221;][\/et_pb_login][\/et_pb_column][et_pb_column type=&#8221;1_2&#8243; _builder_version=&#8221;4.16&#8243; _module_preset=&#8221;default&#8221; global_colors_info=&#8221;{}&#8221;][et_pb_text disabled_on=&#8221;off|off|off&#8221; _builder_version=&#8221;4.24.0&#8243; _module_preset=&#8221;default&#8221; text_font=&#8221;Century Gothic Bold||||||||&#8221; text_text_color=&#8221;#e8540c&#8221; text_font_size=&#8221;15px&#8221; custom_margin=&#8221;||20px||false|false&#8221; custom_padding=&#8221;||0px||false|false&#8221; global_colors_info=&#8221;{}&#8221;]<p>Register<\/p>[\/et_pb_text][et_pb_text disabled_on=&#8221;off|off|off&#8221; _builder_version=&#8221;4.16&#8243; _module_preset=&#8221;default&#8221; text_font=&#8221;Century Gothic|500|||||||&#8221; text_text_color=&#8221;#333333&#8243; text_font_size=&#8221;15px&#8221; header_2_text_color=&#8221;#e25303&#8243; header_2_font_size=&#8221;16px&#8221; global_colors_info=&#8221;{}&#8221;]<p>Login portal for distributors, retailers, associations &#038; buying groups, contractors, engineers &amp; consultants. Log in with your Schwank ID to access your additional valuable resources.<\/p>[\/et_pb_text][et_pb_button button_url=&#8221;\/register&#8221; button_text=&#8221;Register&#8221; button_alignment=&#8221;center&#8221; disabled_on=&#8221;off|off|off&#8221; _builder_version=&#8221;4.16&#8243; _module_preset=&#8221;default&#8221; custom_css_main_element=&#8221;width: 100%;&#8221; global_colors_info=&#8221;{}&#8221;][\/et_pb_button][\/et_pb_column][\/et_pb_row][\/et_pb_section]\n","protected":false},"excerpt":{"rendered":"<p>Schwank Login Saisissez vos informations de connexion afin d'obtenir des informations suppl\u00e9mentaires sur le site web. En vous enregistrant et en vous connectant avec votre identifiant Schwank, vous aurez acc\u00e8s aux \u00e9l\u00e9ments suivants : Ressources suppl\u00e9mentaires Tarification (uniquement pour les partenaires autoris\u00e9s) Documentation technique Outils marketing RegisterLogin Portail pour les distributeurs, d\u00e9taillants, associations et groupements d'achat, entrepreneurs, ing\u00e9nieurs et consultants. Connectez-vous avec votre identifiant Schwank pour acc\u00e9der \u00e0 vos ressources suppl\u00e9mentaires.<\/p>","protected":false},"author":3377,"featured_media":0,"parent":0,"menu_order":88,"comment_status":"closed","ping_status":"closed","template":"","meta":{"_acf_changed":false,"_et_pb_use_builder":"on","_et_pb_old_content":"<h1>Schwank - LOGIN<\/h1>\r\nEnter your login information in order to view additional information on the website.\r\n\r\n[schwankloginform]\r\n\r\n<a href=\"https:\/\/www.schwankgroup.com\/wp-login.php?action=lostpassword\">Forgot your password?<\/a>\r\n<h2>Don't have an account with us?<\/h2>\r\n<span id=\"hs-cta-wrapper-1f5c5c13-04c3-4ae2-849f-6d031fd92a77\" class=\"hs-cta-wrapper\"><span id=\"hs-cta-1f5c5c13-04c3-4ae2-849f-6d031fd92a77\" class=\"hs-cta-node hs-cta-1f5c5c13-04c3-4ae2-849f-6d031fd92a77\"><a href=\"https:\/\/www.schwankgroup.com\/register\"><img id=\"hs-cta-img-1f5c5c13-04c3-4ae2-849f-6d031fd92a77\" class=\"hs-cta-img\" style=\"border-width: 0px;\" src=\"https:\/\/no-cache.hubspot.com\/cta\/default\/420107\/1f5c5c13-04c3-4ae2-849f-6d031fd92a77.png\" alt=\"Register Now Button\" \/><\/a><\/span><\/span>\r\n\r\nBy registering and logging in with your Schwank ID you will receive access to the following:\r\n<ul>\r\n \t<li>Additional Resources<\/li>\r\n \t<li>Pricing [Only for Authorized Distributors]<\/li>\r\n \t<li>Revit Files [Only for Authorized Engineers\/Architects]<\/li>\r\n<\/ul>\r\n<span id=\"hs-cta-wrapper-1f5c5c13-04c3-4ae2-849f-6d031fd92a77\" class=\"hs-cta-wrapper\"><span id=\"hs-cta-1f5c5c13-04c3-4ae2-849f-6d031fd92a77\" class=\"hs-cta-node hs-cta-1f5c5c13-04c3-4ae2-849f-6d031fd92a77\">\r\n<\/span>\r\n<script src=\"https:\/\/js.hscta.net\/cta\/current.js\" type=\"mce-no\/type\" charset=\"utf-8\"><\/script><script type=\"mce-text\/javascript\">\/\/ <![CDATA[ hbspt.cta.load(420107, '1f5c5c13-04c3-4ae2-849f-6d031fd92a77'); \/\/ ]]><\/script>\r\n<\/span>\r\n<!-- end HubSpot Call-to-Action Code -->","_et_gb_content_width":"","footnotes":""},"class_list":["post-4607","page","type-page","status-publish","hentry"],"acf":[],"aioseo_notices":[],"_links":{"self":[{"href":"https:\/\/www.schwankgroup.com\/fr\/wp-json\/wp\/v2\/pages\/4607","targetHints":{"allow":["GET"]}}],"collection":[{"href":"https:\/\/www.schwankgroup.com\/fr\/wp-json\/wp\/v2\/pages"}],"about":[{"href":"https:\/\/www.schwankgroup.com\/fr\/wp-json\/wp\/v2\/types\/page"}],"author":[{"embeddable":true,"href":"https:\/\/www.schwankgroup.com\/fr\/wp-json\/wp\/v2\/users\/3377"}],"replies":[{"embeddable":true,"href":"https:\/\/www.schwankgroup.com\/fr\/wp-json\/wp\/v2\/comments?post=4607"}],"version-history":[{"count":0,"href":"https:\/\/www.schwankgroup.com\/fr\/wp-json\/wp\/v2\/pages\/4607\/revisions"}],"wp:attachment":[{"href":"https:\/\/www.schwankgroup.com\/fr\/wp-json\/wp\/v2\/media?parent=4607"}],"curies":[{"name":"wp","href":"https:\/\/api.w.org\/{rel}","templated":true}]}}