{"id":42615,"date":"2022-12-18T16:44:03","date_gmt":"2022-12-18T16:44:03","guid":{"rendered":"https:\/\/www.schwankgroup.com\/?page_id=42615"},"modified":"2024-10-28T14:24:51","modified_gmt":"2024-10-28T14:24:51","slug":"epic-thank-you","status":"publish","type":"page","link":"https:\/\/www.schwankgroup.com\/fr\/epic-thank-you\/","title":{"rendered":"S\u00e9rie Fant\u00f4mes | Merci"},"content":{"rendered":"<p>[et_pb_section fb_built=&#8221;1&#8243; custom_padding_last_edited=&#8221;on|phone&#8221; _builder_version=&#8221;4.16&#8243; _module_preset=&#8221;default&#8221; background_color=&#8221;#ffffff&#8221; custom_padding_tablet=&#8221;15px||15px||false|false&#8221; custom_padding_phone=&#8221;10px||20px||false|false&#8221; da_disable_devices=&#8221;off|off|off&#8221; global_colors_info=&#8221;{}&#8221; da_is_popup=&#8221;off&#8221; da_exit_intent=&#8221;off&#8221; da_has_close=&#8221;on&#8221; da_alt_close=&#8221;off&#8221; da_dark_close=&#8221;off&#8221; da_not_modal=&#8221;on&#8221; da_is_singular=&#8221;off&#8221; da_with_loader=&#8221;off&#8221; da_has_shadow=&#8221;on&#8221;][et_pb_row custom_padding_last_edited=&#8221;on|phone&#8221; _builder_version=&#8221;4.16&#8243; _module_preset=&#8221;default&#8221; custom_padding=&#8221;||46px||false|false&#8221; custom_padding_tablet=&#8221;|0%|40px||false|false&#8221; custom_padding_phone=&#8221;||40px||false|false&#8221; global_colors_info=&#8221;{}&#8221;][et_pb_column type=&#8221;4_4&#8243; _builder_version=&#8221;4.16&#8243; _module_preset=&#8221;default&#8221; global_colors_info=&#8221;{}&#8221;][et_pb_text _builder_version=&#8221;4.27.2&#8243; _module_preset=&#8221;default&#8221; custom_padding=&#8221;||||false|false&#8221; hover_enabled=&#8221;0&#8243; global_colors_info=&#8221;{}&#8221; sticky_enabled=&#8221;0&#8243;]<\/p>\n<h2>Schwank form submission<\/h2>\n<h3>Thank you<\/h3>\n<p>&nbsp;<\/p>\n<p>Your request has been submitted to the Schwank marketing team, and your contact details will be added to our announcement list as one of the first to hear more about eSchwank Ghost Series Electric Heater!<\/p>\n<p>Should you require assistance, you can always connect with a member of the Schwank team ahead of time <a href=\"mailto:%20csr@schwankgroup.com\">csr@schwankgroup.com<\/a><\/p>\n<p>[\/et_pb_text][\/et_pb_column][\/et_pb_row][\/et_pb_section][et_pb_section fb_built=&#8221;1&#8243; custom_padding_last_edited=&#8221;on|phone&#8221; admin_label=&#8221;Section&#8221; _builder_version=&#8221;4.7.7&#8243; _module_preset=&#8221;default&#8221; background_color=&#8221;#f4f4f4&#8243; custom_padding=&#8221;24px|||||&#8221; custom_padding_tablet=&#8221;10px||45px||false|false&#8221; custom_padding_phone=&#8221;10px||30px||false|false&#8221; da_disable_devices=&#8221;off|off|off&#8221; global_module=&#8221;14804&#8243; saved_tabs=&#8221;all&#8221; locked=&#8221;off&#8221; global_colors_info=&#8221;{}&#8221; da_is_popup=&#8221;off&#8221; da_exit_intent=&#8221;off&#8221; da_has_close=&#8221;on&#8221; da_alt_close=&#8221;off&#8221; da_dark_close=&#8221;off&#8221; da_not_modal=&#8221;on&#8221; da_is_singular=&#8221;off&#8221; da_with_loader=&#8221;off&#8221; da_has_shadow=&#8221;on&#8221;][et_pb_row custom_padding_last_edited=&#8221;on|desktop&#8221; _builder_version=&#8221;4.16&#8243; _module_preset=&#8221;default&#8221; custom_padding=&#8221;|20%|||false|false&#8221; custom_padding_tablet=&#8221;|0%|||false|false&#8221; custom_padding_phone=&#8221;&#8221; global_colors_info=&#8221;{}&#8221;][et_pb_column type=&#8221;4_4&#8243; _builder_version=&#8221;4.16&#8243; _module_preset=&#8221;default&#8221; global_colors_info=&#8221;{}&#8221;][et_pb_text _builder_version=&#8221;4.22.0&#8243; _module_preset=&#8221;default&#8221; custom_padding=&#8221;|30%|||false|false&#8221; custom_padding_tablet=&#8221;|0%|||false|false&#8221; custom_padding_phone=&#8221;&#8221; custom_padding_last_edited=&#8221;on|desktop&#8221; global_colors_info=&#8221;{}&#8221;]<\/p>\n<h3><span style=\"color: #000000;\">Get started<\/span><\/h3>\n<h3>For more information or to purchase, contact us<\/h3>\n<p>[\/et_pb_text][\/et_pb_column][\/et_pb_row][et_pb_row column_structure=&#8221;1_3,1_3,1_3&#8243; make_equal=&#8221;on&#8221; module_class=&#8221;gq_r_fixed_buttons&#8221; _builder_version=&#8221;4.16&#8243; _module_preset=&#8221;default&#8221; background_enable_color=&#8221;off&#8221; min_height=&#8221;259.9px&#8221; custom_margin=&#8221;||||false|false&#8221; custom_padding=&#8221;0px||0px||false|false&#8221; global_colors_info=&#8221;{}&#8221;][et_pb_column type=&#8221;1_3&#8243; _builder_version=&#8221;4.16&#8243; _module_preset=&#8221;default&#8221; background_color=&#8221;#ffffff&#8221; global_colors_info=&#8221;{}&#8221;][et_pb_blurb use_icon=&#8221;on&#8221; font_icon=&#8221;&#x77;||divi||400&#8243; image_icon_width=&#8221;45px&#8221; _builder_version=&#8221;4.16&#8243; _module_preset=&#8221;default&#8221; custom_margin=&#8221;||0px||false|false&#8221; custom_padding=&#8221;40px||||false|false&#8221; icon_font_size=&#8221;45px&#8221; global_colors_info=&#8221;{}&#8221;][\/et_pb_blurb][et_pb_text _builder_version=&#8221;4.16&#8243; _module_preset=&#8221;default&#8221; text_font=&#8221;Helvetica Neue LT 83||||||||&#8221; text_font_size=&#8221;19px&#8221; header_2_font_size=&#8221;21px&#8221; header_5_font_size=&#8221;9px&#8221; header_6_text_color=&#8221;#e25303&#8243; header_6_letter_spacing=&#8221;1px&#8221; header_6_line_height=&#8221;1.4em&#8221; custom_margin=&#8221;||8px||false|false&#8221; custom_padding=&#8221;20px|30px|0px|30px|false|true&#8221; global_colors_info=&#8221;{}&#8221;]<\/p>\n<h4>Get in touch<\/h4>\n<p>[\/et_pb_text][et_pb_text _builder_version=&#8221;4.23&#8243; _module_preset=&#8221;default&#8221; custom_margin=&#8221;-8px||19px||false|false&#8221; custom_padding=&#8221;0px|30px||30px|false|true&#8221; global_colors_info=&#8221;{}&#8221;]<\/p>\n<p>For general inquiries, please call us toll-free (USA &amp; Canada) 1-877-686-3779 or email our experts.\u00a0<\/p>\n<p>[\/et_pb_text][et_pb_button button_url=&#8221;mailto:csr@schwankgroup.com&#8221; button_text=&#8221;Email our experts&#8221; _builder_version=&#8221;4.16&#8243; _module_preset=&#8221;default&#8221; custom_button=&#8221;on&#8221; custom_margin=&#8221;|30px|20px|30px|false|true&#8221; custom_padding=&#8221;||||false|false&#8221; global_colors_info=&#8221;{}&#8221;][\/et_pb_button][\/et_pb_column][et_pb_column type=&#8221;1_3&#8243; _builder_version=&#8221;4.16&#8243; _module_preset=&#8221;default&#8221; background_color=&#8221;#ffffff&#8221; background_enable_image=&#8221;off&#8221; global_colors_info=&#8221;{}&#8221;][et_pb_blurb use_icon=&#8221;on&#8221; font_icon=&#8221;&#xe01d;||divi||400&#8243; image_icon_width=&#8221;45px&#8221; _builder_version=&#8221;4.16&#8243; _module_preset=&#8221;default&#8221; custom_margin=&#8221;||0px||false|false&#8221; custom_padding=&#8221;40px||||false|false&#8221; icon_font_size=&#8221;45px&#8221; global_colors_info=&#8221;{}&#8221;][\/et_pb_blurb][et_pb_text _builder_version=&#8221;4.16&#8243; _module_preset=&#8221;default&#8221; text_font=&#8221;Helvetica Neue LT 83||||||||&#8221; text_font_size=&#8221;19px&#8221; header_2_font_size=&#8221;21px&#8221; header_5_font_size=&#8221;9px&#8221; header_6_text_color=&#8221;#e25303&#8243; header_6_letter_spacing=&#8221;1px&#8221; header_6_line_height=&#8221;1.4em&#8221; custom_margin=&#8221;||8px||false|false&#8221; custom_padding=&#8221;20px|30px|0px|30px|false|true&#8221; global_colors_info=&#8221;{}&#8221;]<\/p>\n<h4>Where to buy<\/h4>\n<p>[\/et_pb_text][et_pb_text _builder_version=&#8221;4.16&#8243; _module_preset=&#8221;default&#8221; custom_margin=&#8221;-8px||||false|false&#8221; custom_padding=&#8221;0px|30px|20px|30px|false|true&#8221; global_colors_info=&#8221;{}&#8221;]<\/p>\n<p>Schwank reps will help you select the units and designs that best fit your application, at no charge.<\/p>\n<p>[\/et_pb_text][et_pb_button button_url=&#8221;\/locator\/&#8221; button_text=&#8221;Locator map&#8221; _builder_version=&#8221;4.16&#8243; _module_preset=&#8221;default&#8221; custom_button=&#8221;on&#8221; custom_margin=&#8221;|30px|20px|30px|false|true&#8221; custom_padding=&#8221;||||false|false&#8221; global_colors_info=&#8221;{}&#8221;][\/et_pb_button][\/et_pb_column][et_pb_column type=&#8221;1_3&#8243; _builder_version=&#8221;4.16&#8243; _module_preset=&#8221;default&#8221; background_color=&#8221;#ffffff&#8221; background_enable_image=&#8221;off&#8221; global_colors_info=&#8221;{}&#8221;][et_pb_blurb use_icon=&#8221;on&#8221; font_icon=&#8221;&#x6b;||divi||400&#8243; image_icon_width=&#8221;45px&#8221; _builder_version=&#8221;4.16&#8243; _module_preset=&#8221;default&#8221; custom_margin=&#8221;||0px||false|false&#8221; custom_padding=&#8221;40px||||false|false&#8221; icon_font_size=&#8221;45px&#8221; global_colors_info=&#8221;{}&#8221;][\/et_pb_blurb][et_pb_text _builder_version=&#8221;4.16&#8243; _module_preset=&#8221;default&#8221; text_font=&#8221;Helvetica Neue LT 83||||||||&#8221; text_font_size=&#8221;19px&#8221; header_2_font_size=&#8221;21px&#8221; header_5_font_size=&#8221;9px&#8221; header_6_text_color=&#8221;#e25303&#8243; header_6_letter_spacing=&#8221;1px&#8221; header_6_line_height=&#8221;1.4em&#8221; custom_margin=&#8221;||8px||false|false&#8221; custom_padding=&#8221;20px|30px|0px|30px|false|true&#8221; global_colors_info=&#8221;{}&#8221;]<\/p>\n<h4>Request a design<\/h4>\n<p>[\/et_pb_text][et_pb_text _builder_version=&#8221;4.23&#8243; _module_preset=&#8221;default&#8221; custom_margin=&#8221;-8px||||false|false&#8221; custom_padding=&#8221;0px|30px|20px|30px|false|true&#8221; global_colors_info=&#8221;{}&#8221;]<\/p>\n<p>We can recommend, support specifying, and be a partner through the entire design process.<\/p>\n<p>[\/et_pb_text][et_pb_button button_url=&#8221;\/support&#8221; button_text=&#8221;Request your design&#8221; _builder_version=&#8221;4.16&#8243; _module_preset=&#8221;default&#8221; custom_button=&#8221;on&#8221; custom_margin=&#8221;|30px|20px|30px|false|true&#8221; custom_padding=&#8221;||||false|false&#8221; global_colors_info=&#8221;{}&#8221;][\/et_pb_button][\/et_pb_column][\/et_pb_row][\/et_pb_section]<\/p>\n","protected":false},"excerpt":{"rendered":"<p>Formulaire Schwank Merci   Votre demande a \u00e9t\u00e9 transmise \u00e0 l'\u00e9quipe marketing de Schwank, et vos coordonn\u00e9es seront ajout\u00e9es \u00e0 notre liste de diffusion afin que vous soyez parmi les premiers \u00e0 recevoir plus d'informations sur le chauffage \u00e9lectrique eSchwank Ghost Series ! Si vous avez besoin d'aide, vous pouvez toujours contacter un membre de l'\u00e9quipe Schwank \u00e0 l'avance. csr@schwankgroup.comGet d\u00e9marr\u00e9 Pour plus d'informations ou pour acheter, contactez-nous. Contactez-nous Pour toute question d'ordre g\u00e9n\u00e9ral, veuillez nous appeler au num\u00e9ro gratuit (\u00c9tats-Unis et Canada) 1-877-686-3779 ou envoyer un e-mail \u00e0 nos experts.\u00a0O\u00f9 acheter ? Les repr\u00e9sentants Schwank vous aideront gratuitement \u00e0 choisir les appareils et les mod\u00e8les les mieux adapt\u00e9s \u00e0 votre application. Demander un mod\u00e8le Nous pouvons vous conseiller, vous aider \u00e0 d\u00e9finir vos besoins et vous accompagner tout au long du processus de conception.<\/p>","protected":false},"author":3377,"featured_media":0,"parent":0,"menu_order":11,"comment_status":"closed","ping_status":"closed","template":"","meta":{"_acf_changed":false,"_et_pb_use_builder":"on","_et_pb_old_content":"","_et_gb_content_width":"","footnotes":""},"class_list":["post-42615","page","type-page","status-publish","hentry"],"acf":[],"aioseo_notices":[],"_links":{"self":[{"href":"https:\/\/www.schwankgroup.com\/fr\/wp-json\/wp\/v2\/pages\/42615","targetHints":{"allow":["GET"]}}],"collection":[{"href":"https:\/\/www.schwankgroup.com\/fr\/wp-json\/wp\/v2\/pages"}],"about":[{"href":"https:\/\/www.schwankgroup.com\/fr\/wp-json\/wp\/v2\/types\/page"}],"author":[{"embeddable":true,"href":"https:\/\/www.schwankgroup.com\/fr\/wp-json\/wp\/v2\/users\/3377"}],"replies":[{"embeddable":true,"href":"https:\/\/www.schwankgroup.com\/fr\/wp-json\/wp\/v2\/comments?post=42615"}],"version-history":[{"count":0,"href":"https:\/\/www.schwankgroup.com\/fr\/wp-json\/wp\/v2\/pages\/42615\/revisions"}],"wp:attachment":[{"href":"https:\/\/www.schwankgroup.com\/fr\/wp-json\/wp\/v2\/media?parent=42615"}],"curies":[{"name":"wp","href":"https:\/\/api.w.org\/{rel}","templated":true}]}}