{"id":42002,"date":"2022-12-21T17:58:58","date_gmt":"2022-12-21T17:58:58","guid":{"rendered":"https:\/\/www.schwankgroup.com\/?page_id=42002"},"modified":"2025-04-11T18:06:51","modified_gmt":"2025-04-11T18:06:51","slug":"schwank-one-demo","status":"publish","type":"page","link":"https:\/\/www.schwankgroup.com\/fr\/schwank-one-demo\/","title":{"rendered":"D\u00e9monstration de Schwank.ONE"},"content":{"rendered":"\n\n\n\n\n\n[et_pb_section fb_built=&#8221;1&#8243; _builder_version=&#8221;4.19.2&#8243; _module_preset=&#8221;default&#8221; da_disable_devices=&#8221;off|off|off&#8221; global_colors_info=&#8221;{}&#8221; da_is_popup=&#8221;off&#8221; da_exit_intent=&#8221;off&#8221; da_has_close=&#8221;on&#8221; da_alt_close=&#8221;off&#8221; da_dark_close=&#8221;off&#8221; da_not_modal=&#8221;on&#8221; da_is_singular=&#8221;off&#8221; da_with_loader=&#8221;off&#8221; da_has_shadow=&#8221;on&#8221;][et_pb_row _builder_version=&#8221;4.19.2&#8243; _module_preset=&#8221;default&#8221; global_colors_info=&#8221;{}&#8221;][et_pb_column type=&#8221;4_4&#8243; _builder_version=&#8221;4.19.2&#8243; _module_preset=&#8221;default&#8221; global_colors_info=&#8221;{}&#8221;][dsm_dual_heading _builder_version=&#8221;4.19.4&#8243; _module_preset=&#8221;default&#8221; before_text=&#8221;Schwank.&#8221; middle_text=&#8221;ONE&#8221; after_text=&#8221; Demo&#8221; hover_enabled=&#8221;0&#8243; sticky_enabled=&#8221;0&#8243;][\/dsm_dual_heading][et_pb_text _builder_version=&#8221;4.19.4&#8243; _module_preset=&#8221;default&#8221; hover_enabled=&#8221;0&#8243; sticky_enabled=&#8221;0&#8243;]<p><span>Welcome to the Schwank.ONE Demo. This demo is designed to give you a hands-on experience with our product and allow you to see how it works in action.<\/span><\/p>\n<p><span>If you want to learn more about the Schwank.ONE please visit the dedicated page.<\/span><\/p>[\/et_pb_text][dsm_button _builder_version=&#8221;4.19.4&#8243; _module_preset=&#8221;default&#8221; button_one_text=&#8221;Learn More&#8221; button_one_url=&#8221;https:\/\/www.schwankgroup.com\/products\/control-technology\/schwank-one-controller\/&#8221; hover_enabled=&#8221;0&#8243; sticky_enabled=&#8221;0&#8243;][\/dsm_button][\/et_pb_column][\/et_pb_row][et_pb_row _builder_version=&#8221;4.19.4&#8243; _module_preset=&#8221;default&#8221; title_text=&#8221;Controller 2&#8243; background_image=&#8221;https:\/\/www.schwankgroup.com\/wp-content\/uploads\/2022\/12\/Controller-2.png&#8221; hover_enabled=&#8221;0&#8243; sticky_enabled=&#8221;0&#8243; custom_padding=&#8221;40px||715px|||&#8221; custom_margin=&#8221;-35px|auto||auto||&#8221;][et_pb_column _builder_version=&#8221;4.19.4&#8243; _module_preset=&#8221;default&#8221; type=&#8221;4_4&#8243;][et_pb_code _builder_version=&#8221;4.19.4&#8243; _module_preset=&#8221;default&#8221; hover_enabled=&#8221;0&#8243; sticky_enabled=&#8221;0&#8243; transform_scale=&#8221;56%|56%&#8221; custom_margin=&#8221;83px||||false|false&#8221;]<!\u2013- [et_pb_br_holder] -\u2013><\/br><!\u2013- [et_pb_br_holder] -\u2013><\/br><!\u2013- [et_pb_br_holder] -\u2013><\/br><!\u2013- [et_pb_br_holder] -\u2013><\/br><pee align=\"center\">  <!-- [et_pb_line_break_holder] --><iframe loading=\"lazy\" src=\"\/HTML\/SchwankOne.html\" height=\"700\" width=\"1100\" title=\"Schwank.ONE Demo\"><\/iframe> <\/pee>[\/et_pb_code][\/et_pb_column][\/et_pb_row][\/et_pb_section]\n\n\n\n\n\n","protected":false},"excerpt":{"rendered":"<p><div class=\"et_pb_module dsm_dual_heading dsm_dual_heading_0  et_pb_bg_layout_light\">\n\t\t\t\t\n\t\t\t\t\n\t\t\t\t\n\t\t\t\t\n\t\t\t\t\n\t\t\t\t\n\t\t\t\t<div class=\"et_pb_module_inner\">\n\t\t\t\t\t<h2 class=\"dsm-dual-heading-main et_pb_module_header\"><span class=\"dsm-dual-heading-before\">Schwank.<\/span><span class=\"dsm-dual-heading-middle\">UN<\/span><span class=\"dsm-dual-heading-after\"> D\u00e9monstration<\/span><\/h2>\n\t\t\t\t<\/div>\n\t\t\t<\/div>Bienvenue \u00e0 la d\u00e9monstration de Schwank.ONE. Cette d\u00e9mo est con\u00e7ue pour vous donner une exp\u00e9rience pratique de notre produit et vous permettre de voir comment il fonctionne en action. Si vous souhaitez en savoir plus sur Schwank.ONE, visitez la page d\u00e9di\u00e9e.<div class=\"et_pb_module dsm_button dsm_button_0 et_pb_bg_layout_light\">\n\t\t\t\t\n\t\t\t\t\n\t\t\t\t\n\t\t\t\t\n\t\t\t\t\n\t\t\t\t\n\t\t\t\t<div class=\"et_pb_module_inner\">\n\t\t\t\t\t<div class=\"et_pb_button_module_wrappers dsm_button_0_wrapper  et_pb_module\">\n\t\t\t\t<a class=\"et_pb_button et_pb_button_one et_pb_bg_layout_light dsm-none\"  href=\"https:\/\/www.schwankgroup.com\/fr\/products\/control-technology\/schwank-one-controller\/\" data-dsm-lightbox-id=\"dsm_button_one_lightbox dsm_button_0\"><span>En savoir plus<\/span><\/a>\n\t\t\t<\/div>\n\t\t\t\t<\/div>\n\t\t\t<\/div><\/p>","protected":false},"author":4155,"featured_media":0,"parent":0,"menu_order":0,"comment_status":"closed","ping_status":"closed","template":"","meta":{"_acf_changed":false,"_et_pb_use_builder":"on","_et_pb_old_content":"","_et_gb_content_width":"","footnotes":""},"class_list":["post-42002","page","type-page","status-publish","hentry"],"acf":[],"aioseo_notices":[],"_links":{"self":[{"href":"https:\/\/www.schwankgroup.com\/fr\/wp-json\/wp\/v2\/pages\/42002","targetHints":{"allow":["GET"]}}],"collection":[{"href":"https:\/\/www.schwankgroup.com\/fr\/wp-json\/wp\/v2\/pages"}],"about":[{"href":"https:\/\/www.schwankgroup.com\/fr\/wp-json\/wp\/v2\/types\/page"}],"author":[{"embeddable":true,"href":"https:\/\/www.schwankgroup.com\/fr\/wp-json\/wp\/v2\/users\/4155"}],"replies":[{"embeddable":true,"href":"https:\/\/www.schwankgroup.com\/fr\/wp-json\/wp\/v2\/comments?post=42002"}],"version-history":[{"count":0,"href":"https:\/\/www.schwankgroup.com\/fr\/wp-json\/wp\/v2\/pages\/42002\/revisions"}],"wp:attachment":[{"href":"https:\/\/www.schwankgroup.com\/fr\/wp-json\/wp\/v2\/media?parent=42002"}],"curies":[{"name":"wp","href":"https:\/\/api.w.org\/{rel}","templated":true}]}}