{"id":30410,"date":"2022-05-18T15:57:04","date_gmt":"2022-05-18T15:57:04","guid":{"rendered":"https:\/\/www.schwankgroup.com\/?page_id=30410"},"modified":"2026-03-03T15:50:31","modified_gmt":"2026-03-03T15:50:31","slug":"events-webinars","status":"publish","type":"page","link":"https:\/\/www.schwankgroup.com\/fr\/events-webinars\/","title":{"rendered":"\u00c9v\u00e9nements et s\u00e9minaires en ligne"},"content":{"rendered":"<p>[et_pb_section fb_built=&#8221;1&#8243; _builder_version=&#8221;4.17.4&#8243; _module_preset=&#8221;default&#8221; background_color=&#8221;#F4F4F4&#8243; background_enable_image=&#8221;off&#8221; da_disable_devices=&#8221;off|off|off&#8221; global_colors_info=&#8221;{}&#8221; da_is_popup=&#8221;off&#8221; da_exit_intent=&#8221;off&#8221; da_has_close=&#8221;on&#8221; da_alt_close=&#8221;off&#8221; da_dark_close=&#8221;off&#8221; da_not_modal=&#8221;on&#8221; da_is_singular=&#8221;off&#8221; da_with_loader=&#8221;off&#8221; da_has_shadow=&#8221;on&#8221;][et_pb_row _builder_version=&#8221;4.17.4&#8243; _module_preset=&#8221;default&#8221; global_colors_info=&#8221;{}&#8221;][et_pb_column type=&#8221;4_4&#8243; _builder_version=&#8221;4.17.4&#8243; _module_preset=&#8221;default&#8221; global_colors_info=&#8221;{}&#8221;][et_pb_text _builder_version=&#8221;4.27.5&#8243; _module_preset=&#8221;default&#8221; header_3_text_color=&#8221;#E8540C&#8221; global_colors_info=&#8221;{}&#8221;]<\/p>\n<h1><span style=\"color: #000000;\">Webinars<\/span><\/h1>\n<h3><span style=\"color: #e8540c;\">Stay up-to date on Schwank upcoming live &amp; on-demand webinars<\/span><\/h3>\n<p>[\/et_pb_text][\/et_pb_column][\/et_pb_row][\/et_pb_section][et_pb_section fb_built=&#8221;1&#8243; _builder_version=&#8221;4.17.4&#8243; _module_preset=&#8221;default&#8221; min_height=&#8221;1121.6px&#8221; da_disable_devices=&#8221;off|off|off&#8221; global_colors_info=&#8221;{}&#8221; da_is_popup=&#8221;off&#8221; da_exit_intent=&#8221;off&#8221; da_has_close=&#8221;on&#8221; da_alt_close=&#8221;off&#8221; da_dark_close=&#8221;off&#8221; da_not_modal=&#8221;on&#8221; da_is_singular=&#8221;off&#8221; da_with_loader=&#8221;off&#8221; da_has_shadow=&#8221;on&#8221;][et_pb_row _builder_version=&#8221;4.17.4&#8243; _module_preset=&#8221;default&#8221; global_colors_info=&#8221;{}&#8221;][et_pb_column type=&#8221;4_4&#8243; _builder_version=&#8221;4.17.4&#8243; _module_preset=&#8221;default&#8221; global_colors_info=&#8221;{}&#8221;][decm_event_filter _builder_version=&#8221;4.17.4&#8243; _module_preset=&#8221;default&#8221; global_colors_info=&#8221;{}&#8221;][decm_event_filter_child events_filter=&#8221;Category&#8221; _builder_version=&#8221;4.17.4&#8243; _module_preset=&#8221;default&#8221; global_colors_info=&#8221;{}&#8221;][\/decm_event_filter_child][\/decm_event_filter][decm_event_display event_selection=&#8221;all_event&#8221; show_price=&#8221;off&#8221; layout=&#8221;cover&#8221; open_toggle_background_color=&#8221;#FFFFFF&#8221; details_link_color=&#8221;#E8540C&#8221; details_icon_color=&#8221;#E8540C&#8221; disabled_on=&#8221;on|on|on&#8221; _builder_version=&#8221;4.27.5&#8243; _module_preset=&#8221;default&#8221; callout_date_text_color=&#8221;#E8540C&#8221; background_color=&#8221;#FFFFFF&#8221; disabled=&#8221;on&#8221; global_colors_info=&#8221;{}&#8221;][\/decm_event_display][et_pb_accordion disabled_on=&#8221;off|off|off&#8221; _builder_version=&#8221;4.27.5&#8243; _module_preset=&#8221;default&#8221; hover_enabled=&#8221;0&#8243; global_colors_info=&#8221;{}&#8221; sticky_enabled=&#8221;0&#8243;][et_pb_accordion_item title=&#8221;On-Demand Webinar 2026&#8243; _builder_version=&#8221;4.27.5&#8243; _module_preset=&#8221;default&#8221; hover_enabled=&#8221;0&#8243; global_colors_info=&#8221;{}&#8221; open=&#8221;on&#8221; sticky_enabled=&#8221;0&#8243;]<\/p>\n<table border=\"1\" style=\"border-collapse: collapse; width: 100%; height: 208px;\">\n<tbody>\n<tr style=\"height: 64px;\">\n<td style=\"width: 60.3362%; height: 64px;\">\n<h5>Topic<\/h5>\n<\/td>\n<td style=\"width: 22.1563%; height: 64px;\">\n<h5>Date<\/h5>\n<\/td>\n<td style=\"width: 17.5074%; height: 64px;\">\n<h5>Webinar Link<\/h5>\n<\/td>\n<\/tr>\n<tr style=\"height: 24px;\">\n<td style=\"width: 60.3362%; height: 24px;\"><span>Keeping High-Bay Industrial Buildings Efficient: Codes, Standards, and Innovative Heating Solutions<\/span><\/td>\n<td style=\"width: 22.1563%; height: 24px;\">Jan 2026<\/td>\n<td style=\"width: 17.5074%; height: 24px;\"><a href=\"https:\/\/schwankgroup.zoom.us\/rec\/share\/EwRDLW5dPO0vz0jWcGJbhkWIiJLVSgNCIDz0gZ99Ub3Bp_b1HmoXp9Ik7cte8UMA.JQk7llijUkbNLeou?startTime=1769531240000\" target=\"_blank\" rel=\"noopener\">Watch Recording<\/a><\/td>\n<\/tr>\n<\/tbody>\n<\/table>\n<p>[\/et_pb_accordion_item][et_pb_accordion_item title=&#8221;On-Demand Webinars 2025 &#8211; No PDH Credit Available&#8221; open=&#8221;off&#8221; _builder_version=&#8221;4.27.5&#8243; _module_preset=&#8221;default&#8221; global_colors_info=&#8221;{}&#8221;]<\/p>\n<table border=\"1\" style=\"border-collapse: collapse; width: 100%; height: 208px;\">\n<tbody>\n<tr style=\"height: 64px;\">\n<td style=\"width: 60.3362%; height: 64px;\">\n<h5>Topic<\/h5>\n<\/td>\n<td style=\"width: 22.1563%; height: 64px;\">\n<h5>Date<\/h5>\n<\/td>\n<td style=\"width: 17.5074%; height: 64px;\">\n<h5>Webinar Link<\/h5>\n<\/td>\n<\/tr>\n<tr style=\"height: 24px;\">\n<td style=\"width: 60.3362%; height: 24px;\"><span>Saving Energy in Warehouses &amp; High Bay Buildings<\/span><\/td>\n<td style=\"width: 22.1563%; height: 24px;\">March 2025<\/td>\n<td style=\"width: 17.5074%; height: 24px;\"><a href=\"https:\/\/schwankgroup.zoom.us\/rec\/share\/HRPt8Cw-7NHIWm83Lg9_4KdpMBpuq377_xgiiywOj9woqecOM1t0cPsj7XwpMjJo.ZH4PWMVo7ru8bWmm?startTime=1742484423000\" target=\"_blank\" rel=\"noopener\">Watch<\/a> <a href=\"https:\/\/schwankgroup.zoom.us\/rec\/share\/kLraPgXn0GhxiIozVJ35mGmmN8hLUyKMXwESRRvOxpza1cB-D6gtfVwF2U0SCcEG.DzUmZLi45c83ltgY\" target=\"_blank\" rel=\"noopener\">On-Demand<\/a><\/td>\n<\/tr>\n<tr style=\"height: 24px;\">\n<td style=\"width: 60.3362%; height: 24px;\"><span>The Ultimate Guide to Air Curtain Standards and Energy Rebates<\/span><\/td>\n<td style=\"width: 22.1563%; height: 24px;\">May 2025<\/td>\n<td style=\"width: 17.5074%; height: 24px;\"><a href=\"https:\/\/schwankgroup.zoom.us\/rec\/share\/E5RiwABQtdvIiyXwyLotG8NCpp85ZKABVw1606uZRNlB_m5UQxQO_lEqiScRBmE.LFnGQ9Jrum71_NMg\" target=\"_blank\" rel=\"noopener\">Watch On-Demand<\/a><\/td>\n<\/tr>\n<tr style=\"height: 24px;\">\n<td style=\"width: 60.3362%; height: 24px;\"><span>Design-Friendly Outdoor Comfort Solutions with Architectural Appeal<\/span><\/td>\n<td style=\"width: 22.1563%; height: 24px;\">July 2025<\/td>\n<td style=\"width: 17.5074%; height: 24px;\"><a href=\"https:\/\/schwankgroup.zoom.us\/rec\/share\/Zq7RaUn-LRTVwH3y_NAlG7tCzkJH22aE8853pP_FpBQXdpPdZMzU11TGTEONtpu3.TdjO9_DDbgFjiVVR?startTime=1753975339000\" title=\"registration link\" target=\"_blank\" rel=\"noopener\">Watch On-Demand<\/a><\/td>\n<\/tr>\n<tr style=\"height: 48px;\">\n<td style=\"width: 60.3362%; height: 48px;\"><span data-teams=\"true\">Inside the Heat: Industry Trends and Tech Shaping Infrared Systems<\/span><\/td>\n<td style=\"width: 22.1563%; height: 48px;\">October 2025<\/td>\n<td style=\"width: 17.5074%; height: 48px;\"><a href=\"https:\/\/schwankgroup.zoom.us\/rec\/share\/N5EqmtyNA-FQkdkCMCFhQzI9ppOjAj_6cLNfFvy79Clrz4fNJl9ioLY7JrXLZaq2.d0WsdUqTg6wgoXNM?startTime=1761665428000\" target=\"_blank\" rel=\"noopener\">Watch On-Demand<\/a><\/td>\n<\/tr>\n<tr>\n<td style=\"width: 60.3362%;\"><span>Beyond the Field: Engineering Complete Comfort Systems for Sports Venues<\/span><span data-teams=\"true\"><br \/><\/span><\/td>\n<td style=\"width: 22.1563%;\">November 2025<\/td>\n<td style=\"width: 17.5074%;\"><a href=\"https:\/\/schwankgroup.zoom.us\/rec\/component-page?eagerLoadZvaPages=sidemenu.billing.plan_management&amp;accessLevel=meeting&amp;hasValidToken=false&amp;clusterId=us02&amp;action=play&amp;filePlayId=&amp;componentName=recording-register&amp;meetingId=zZVPo8E-aL2CG1Vgou3DHXXu3o1WjF1iGPe6o4ExMs4rxo1feck-vKFvLpoYhQQX.F9mpZ072_mPvRa31&amp;originRequestUrl=https%3A%2F%2Fschwankgroup.zoom.us%2Frec%2Fshare%2FBkBXzNzPNe1bzDNNdUb2Vp3zrvk9OacHyZfDDJkNzWy7D-uSvFtBzQt3eY89OJ0A.ZSnrXeN5hcraIvRl%3FstartTime%3D1763655957000\" target=\"_blank\" rel=\"noopener\">Watch On-Demand<\/a><\/td>\n<\/tr>\n<\/tbody>\n<\/table>\n<p>[\/et_pb_accordion_item][et_pb_accordion_item title=&#8221;On-Demand Webinars 2024 &#8211; No PDH Credit Available&#8221; _builder_version=&#8221;4.27.5&#8243; _module_preset=&#8221;default&#8221; global_colors_info=&#8221;{}&#8221; open=&#8221;off&#8221;]<\/p>\n<table border=\"1\" style=\"border-collapse: collapse; width: 100%; height: 88px;\">\n<tbody>\n<tr style=\"height: 64px;\">\n<td style=\"width: 60.3362%; height: 64px;\">\n<h5>Topic<\/h5>\n<\/td>\n<td style=\"width: 22.1563%; height: 64px;\">\n<h5>Date<\/h5>\n<\/td>\n<td style=\"width: 17.5074%; height: 64px;\">\n<h5>Webinar Link<\/h5>\n<\/td>\n<\/tr>\n<tr>\n<td style=\"width: 60.3362%;\"><span>Beyond the Field: Comfort Design Essentials for Stadiums, Sports, and Outdoor Venues<\/span><\/td>\n<td style=\"width: 22.1563%;\">November 2024<\/td>\n<td style=\"width: 17.5074%;\"><a href=\"https:\/\/schwankgroup.zoom.us\/rec\/share\/zh2Ww_hfg1XjclZKxivh2OiqfC2MpaD0uIayjcIfJ8PLqDMaDVjz_DH_teu8MiGF.01LW4d9U92hHwaxB?startTime=1732206276000\" target=\"_blank\" rel=\"noopener\">Watch On-Demand<\/a><\/td>\n<\/tr>\n<tr>\n<td style=\"width: 60.3362%;\"><span> The Future of Heating: Hydrogen, Electric Heaters, and the Path to Decarbonization<\/span><\/td>\n<td style=\"width: 22.1563%;\">September 2024<\/td>\n<td style=\"width: 17.5074%;\"><a href=\"https:\/\/schwankgroup.zoom.us\/rec\/share\/gc9EMo8bDtqcYgEjUxlpk6bMfKaeSst4JZVj1ssg8uLpVRQUu9fKUlf-HYxlaYOI.7CYI-m23M_U5vTEx?startTime=1727191368000\" target=\"_blank\" rel=\"noopener\">Watch On-Demand<\/a><\/td>\n<\/tr>\n<tr>\n<td style=\"width: 60.3362%;\"><span>Design Considerations for Outdoor Hospitality Applications<\/span><\/td>\n<td style=\"width: 22.1563%;\">July 2024<\/td>\n<td style=\"width: 17.5074%;\"><a href=\"https:\/\/schwankgroup.zoom.us\/rec\/share\/4w9e3wRqq3BoF4BCql10KItXOSuo3YSnGEV7LIY8EunmB0hgOydJKkZB1iEpmzqX.wTcVObM2Nn9IYjOv?startTime=1721834457000\" target=\"_blank\" rel=\"noopener\">Watch On-Demand<\/a><\/td>\n<\/tr>\n<tr>\n<td style=\"width: 60.3362%;\"><span>Exploring Air Curtain Certification Standards and Energy Rebates<\/span><\/td>\n<td style=\"width: 22.1563%;\">May 2024<\/td>\n<td style=\"width: 17.5074%;\"><a href=\"https:\/\/schwankgroup.zoom.us\/rec\/share\/sgA82s-GnfoNS8Gi2rBRqn2e_DnUDCK5Izvcs0Qetto4HRgghqh-4ueSwHEvZPV1.lyYYoDhCouxPhTMO?startTime=1717082987000\" target=\"_blank\" rel=\"noopener\">Watch On-Demand<\/a><\/td>\n<\/tr>\n<tr>\n<td style=\"width: 60.3362%;\"><span>Saving Energy in Warehouse &amp; High Bay Building<\/span><\/td>\n<td style=\"width: 22.1563%;\">March 2024<\/td>\n<td style=\"width: 17.5074%;\"><a href=\"https:\/\/schwankgroup.zoom.us\/rec\/share\/SvAxsT415mibZcbiCH8Y9ItRT1rsjzG6cYfERT-bAbKFqLUtvR4IxV2GV33-puBK.TT5ceQQl3HJXQIIO?startTime=1711553171000\" target=\"_blank\" rel=\"noopener\">Watch<\/a> <a href=\"https:\/\/schwankgroup.zoom.us\/rec\/share\/SvAxsT415mibZcbiCH8Y9ItRT1rsjzG6cYfERT-bAbKFqLUtvR4IxV2GV33-puBK.TT5ceQQl3HJXQIIO?startTime=1711553171000\" target=\"_blank\" rel=\"noopener\">On-Demand<\/a><\/td>\n<\/tr>\n<\/tbody>\n<\/table>\n<p>[\/et_pb_accordion_item][\/et_pb_accordion][et_pb_accordion disabled_on=&#8221;on|on|on&#8221; _builder_version=&#8221;4.25.1&#8243; _module_preset=&#8221;default&#8221; disabled=&#8221;on&#8221; global_colors_info=&#8221;{}&#8221;][et_pb_accordion_item title=&#8221;On-Demand Webinars 2023&#8243; open=&#8221;on&#8221; _builder_version=&#8221;4.23.4&#8243; _module_preset=&#8221;default&#8221; global_colors_info=&#8221;{}&#8221;]<\/p>\n<table border=\"1\" style=\"border-collapse: collapse; width: 100%; height: 88px;\">\n<tbody>\n<tr style=\"height: 64px;\">\n<td style=\"width: 60.3362%; height: 64px;\">\n<h5>Topic<\/h5>\n<\/td>\n<td style=\"width: 22.1563%; height: 64px;\">\n<h5>Date<\/h5>\n<\/td>\n<td style=\"width: 17.5074%; height: 64px;\">\n<h5>Webinar Link<\/h5>\n<\/td>\n<\/tr>\n<tr>\n<td style=\"width: 60.3362%;\"><span>Outdoor Climate Solutions for Sports and Hospitality Venues<\/span><span><br \/><\/span><\/td>\n<td style=\"width: 22.1563%;\">November 2023<\/td>\n<td style=\"width: 17.5074%;\"><a href=\"https:\/\/schwankgroup.zoom.us\/rec\/share\/7NWn4BGBxNoVaZ5w6QGgzod6rLqU49J9acJITVGkJRFX_JujjeI0LSqJb0Z4Exeo.dQwdVYglpWIu-ZaB?startTime=1698936887000\" target=\"_blank\" rel=\"noopener\">Watch On-Demand<\/a><\/td>\n<\/tr>\n<tr>\n<td style=\"width: 60.3362%;\"><span> Basics of infrared heating, and the Do\u2019s + Don\u2019t of designing<\/span><\/td>\n<td style=\"width: 22.1563%;\">September 2023<\/td>\n<td style=\"width: 17.5074%;\"><a href=\"https:\/\/schwankgroup.zoom.us\/rec\/share\/sKrUtuhbMquB98LQ21YWmaK69cCyDk_5jee9-hkPeuT8tbAzATi7hnDNlPbridl_.6cnvmTwFVLKpHhJg?startTime=1694103977000\" target=\"_blank\" rel=\"noopener\">Watch On-Demand<\/a><\/td>\n<\/tr>\n<tr>\n<td style=\"width: 60.3362%;\"><span>Designing Climate Comfort for Outdoor Hospitality\/Sports Spaces<\/span><\/td>\n<td style=\"width: 22.1563%;\">June 2023<\/td>\n<td style=\"width: 17.5074%;\"><a href=\"https:\/\/schwankgroup.zoom.us\/rec\/share\/_v_VRcz0z17uH8EjGehVdeRN_UidBnqjvfX6g3obROIeQbYBYr3cc9vxfcj2o-ls.j0eONBZGRfvyvzcw?startTime=1687877730000\" target=\"_blank\" rel=\"noopener\">Watch On-Demand<\/a><\/td>\n<\/tr>\n<tr>\n<td style=\"width: 60.3362%;\"><span>Understanding Commerical\/Industrial Air Curtain Design\u00a0<\/span><\/td>\n<td style=\"width: 22.1563%;\">April 2023<\/td>\n<td style=\"width: 17.5074%;\"><a href=\"https:\/\/schwankgroup.zoom.us\/rec\/share\/3v647MT5xLflbfCGGgJ1MoivEolKLDGncu5q7GjhVU05ybEejkA6H0USlgp7ZEz0.YHBqOlhQr0qmkYD3?startTime=1682612830000\" target=\"_blank\" rel=\"noopener\">Watch On-Demand<\/a><\/td>\n<\/tr>\n<tr style=\"height: 24px;\">\n<td style=\"width: 60.3362%; height: 24px;\"><span>Warehouse + High Bay Building system approach<\/span><\/td>\n<td style=\"width: 22.1563%; height: 24px;\">February 2023<\/td>\n<td style=\"width: 17.5074%; height: 24px;\"><a href=\"https:\/\/schwankgroup.zoom.us\/rec\/share\/7RxfosevuNl3dm4KzEUyNVP8wWM3krRsbpOgDAAIdIdYzaq4aEc0-T57QsjKJZPM.GH0jg9e73vm5Orr9?startTime=1677599229000\">Watch On-Demand<\/a><\/td>\n<\/tr>\n<\/tbody>\n<\/table>\n<p>[\/et_pb_accordion_item][et_pb_accordion_item title=&#8221;On-Demand Webinars 2022&#8243; _builder_version=&#8221;4.19.4&#8243; _module_preset=&#8221;default&#8221; body_link_text_color=&#8221;#E8540C&#8221; global_colors_info=&#8221;{}&#8221; open=&#8221;off&#8221;]<\/p>\n<table border=\"1\" style=\"border-collapse: collapse; width: 100%; height: 184px;\">\n<tbody>\n<tr style=\"height: 64px;\">\n<td style=\"width: 60.5001%; height: 64px;\">\n<h5>Topic<\/h5>\n<\/td>\n<td style=\"width: 20.8054%; height: 64px;\">\n<h5>Date<\/h5>\n<\/td>\n<td style=\"width: 18.6944%; height: 64px;\">\n<h5>Webinar Link<\/h5>\n<\/td>\n<\/tr>\n<tr>\n<td style=\"width: 60.5001%;\"><span>Building climate systems for open-air stadiums<\/span><\/td>\n<td style=\"width: 20.8054%;\">Dec 6, 2022<\/td>\n<td style=\"width: 18.6944%;\"><a href=\"https:\/\/schwankgroup.zoom.us\/rec\/share\/fEc-otje_b1A6-MdIky80JpMDbrtHmqS7UeAvAnJg5IhaAyadU9Qtu4-PB0f-i_S.hYNBlbY9p_q-0zOs\" target=\"_blank\" rel=\"noopener\">Watch Now<\/a><\/td>\n<\/tr>\n<tr style=\"height: 24px;\">\n<td style=\"width: 60.5001%; height: 24px;\"><span>Climate Systems for tall bay buildings and hangars<\/span><\/td>\n<td style=\"width: 20.8054%; height: 24px;\">Sept 29, 2022<\/td>\n<td style=\"width: 18.6944%; height: 24px;\"><a href=\"https:\/\/schwankgroup.zoom.us\/rec\/share\/XoCjGS2fi2UXdXBzvkurA2OCDUcODx69OudHzdmGINeqUxf-jqYVHI3csoQtjcMk.7_rXOuFA2vnrT3xj?startTime=1664468757000\" target=\"_blank\" rel=\"noopener\">Watch Now<\/a><\/td>\n<\/tr>\n<tr style=\"height: 24px;\">\n<td style=\"width: 60.5001%; height: 24px;\"><span>Designing IR heater layouts do\u2019s + don\u2019ts<\/span><\/td>\n<td style=\"width: 20.8054%; height: 24px;\">May 31st, 2022<\/td>\n<td style=\"width: 18.6944%; height: 24px;\"><a href=\"https:\/\/schwankgroup.zoom.us\/rec\/share\/q2l2MMBbujutaBV-X9-k_WwaHDOlYS3IQinXskWF39oMNbGgsjlmDwVzp14KNR1h.Wm2hFoIW108qOYnX?startTime=1654008882000\">Watch Now<\/a><\/td>\n<\/tr>\n<tr style=\"height: 24px;\">\n<td style=\"width: 60.5001%; height: 24px;\"><span>Sound &amp; Efficiency in Air Curtain Design<\/span><\/td>\n<td style=\"width: 20.8054%; height: 24px;\">March 29th, 2022<\/td>\n<td style=\"width: 18.6944%; height: 24px;\"><a href=\"https:\/\/schwankgroup.zoom.us\/rec\/share\/J2nzE-oYfXnrO9ZF7pkKp8dSDE9MG3nWSmQgbwc4HmuSg6q0RyB9zHX3gryDi6yr.xcesw9d4l47LgQZQ\" target=\"_blank\" rel=\"noopener\">Watch Now<\/a><\/td>\n<\/tr>\n<tr style=\"height: 24px;\">\n<td style=\"width: 60.5001%; height: 24px;\">IR Heating Design for Large Warehouses + Distribution Centers<\/td>\n<td style=\"width: 20.8054%; height: 24px;\">January 25th, 2022<\/td>\n<td style=\"width: 18.6944%; height: 24px;\"><a href=\"https:\/\/schwankgroup.zoom.us\/rec\/share\/m049dJnKk3ccD_GaStx6oZiTLv8UpPyguMY78SDH4P-cFNZMnmUPBR-nE2fB7RPm.LkZBL9oxfo3bUMy9\" target=\"_blank\" rel=\"noopener\">Watch Now<\/a><\/td>\n<\/tr>\n<\/tbody>\n<\/table>\n<p>&nbsp;<\/p>\n<p>&nbsp;<\/p>\n<p>[\/et_pb_accordion_item][et_pb_accordion_item title=&#8221;On-Demand Webinars 2021&#8243; _builder_version=&#8221;4.23.4&#8243; _module_preset=&#8221;default&#8221; body_link_text_color=&#8221;#E8540C&#8221; global_colors_info=&#8221;{}&#8221; open=&#8221;off&#8221;]<\/p>\n<table border=\"1\" style=\"border-collapse: collapse; width: 100%;\">\n<tbody>\n<tr>\n<td style=\"width: 60.3362%;\">\n<h5>Topic<\/h5>\n<\/td>\n<td style=\"width: 22.1563%;\">\n<h5>Date<\/h5>\n<\/td>\n<td style=\"width: 17.5074%;\">\n<h5>Webinar Link<\/h5>\n<\/td>\n<\/tr>\n<tr>\n<td style=\"width: 60.3362%;\"><span>IR Heating Design Applications for <\/span><span>Warehouse + Distribution Centers<\/span><\/td>\n<td style=\"width: 22.1563%;\">January, 2021<\/td>\n<td style=\"width: 17.5074%;\"><a href=\"https:\/\/schwankgroup.zoom.us\/rec\/share\/K0RZcdl2BTqoTPBWiFG3Os8Tr7kWDyq_OkxNed8ca_FWSwow6-UghswJb0KqB-4d.DiaQXgRZQn7uBNF0?startTime=1611683268000\" target=\"_blank\" rel=\"noopener\">Watch Now<\/a><\/td>\n<\/tr>\n<tr>\n<td style=\"width: 60.3362%;\"><span>IR Heating Design Applications <\/span><span>for Outdoor Patio Spaces<\/span><\/td>\n<td style=\"width: 22.1563%;\">February, 2021<\/td>\n<td style=\"width: 17.5074%;\"><a href=\"https:\/\/schwankgroup.zoom.us\/rec\/share\/Cwc2axEK2_u7otWsvdSpJuXXJZyFNCO2q3WtccGyiTkdVP4amJc1aBrcuMvl6-Up.TrBueaMU5v5sr5xL?startTime=1614268469000\" target=\"_blank\" rel=\"noopener\">Watch Now<\/a><\/td>\n<\/tr>\n<tr>\n<td style=\"width: 60.3362%;\"><span>Identify energy saving trends using true <\/span><span>modulating infrared heaters<\/span><\/td>\n<td style=\"width: 22.1563%;\">March, 2021<\/td>\n<td style=\"width: 17.5074%;\"><a href=\"https:\/\/schwankgroup.zoom.us\/rec\/share\/QSnmgzvXRVjrVKUGGtwyZcvXSuFnO5GTq69GPmSR6UoFwf4PCRaVMKz4JxhWsyuK.fqtaF4vquVGApCbH?startTime=1616683237000\" target=\"_blank\" rel=\"noopener\">Watch Now<\/a><\/td>\n<\/tr>\n<tr>\n<td style=\"width: 60.3362%;\"><span>Designing heater layouts do\u2019s + don\u2019ts <\/span><span>with an overview of\u00a0IR heating trends<\/span><\/td>\n<td style=\"width: 22.1563%;\">April, 2021<\/td>\n<td style=\"width: 17.5074%;\"><a href=\"https:\/\/schwankgroup.zoom.us\/rec\/share\/vrPkzQQTIV-rOiQsXiL1vovZtyNFvarlRaLG_TVRoD1ZjnxLJsPejQa_v852NdvG.kA1Qz4-NtoqYzYRb?startTime=1619708168000\" target=\"_blank\" rel=\"noopener\">Watch Now<\/a><\/td>\n<\/tr>\n<tr>\n<td style=\"width: 60.3362%;\"><span>Top 10 frequently asked questions: <\/span><span>Designing IR Heating for Warehouse + Distribution Centers<\/span><\/td>\n<td style=\"width: 22.1563%;\">June, 2021<\/td>\n<td style=\"width: 17.5074%;\"><a href=\"https:\/\/schwankgroup.zoom.us\/rec\/share\/BOicwitEMUtA84UYT_PxPqLD1q5fBE7NgqFuv6kCSYdPB_d01Yz9aC57_yheyNqg._IwfNv6voEHjv1bB?startTime=1624978457000\">Watch Now<\/a><\/td>\n<\/tr>\n<tr>\n<td style=\"width: 60.3362%;\"><span>Understanding HVLS Fans and Design Selection<\/span><\/td>\n<td style=\"width: 22.1563%;\">July, 2021<\/td>\n<td style=\"width: 17.5074%;\"><a href=\"https:\/\/schwankgroup.zoom.us\/rec\/share\/LCb271UQGOLRmWpuDupRygPNDyJu3IboOJeMOFsOtnqkLo2QdRT2M0Rk1kuOhfwt.hQ5nNhj3ujKxaliu?startTime=1627570685000\" target=\"_blank\" rel=\"noopener\">Watch Now<\/a><\/td>\n<\/tr>\n<tr>\n<td style=\"width: 60.3362%;\"><span>Year-Round Comfort for <\/span><span>Outdoor Patio Spaces<\/span><\/td>\n<td style=\"width: 22.1563%;\">August, 2021<\/td>\n<td style=\"width: 17.5074%;\"><a href=\"https:\/\/schwankgroup.zoom.us\/rec\/share\/r2ukml6Pwjt2AF8k7Q94Td8K0NhbAbCtCxbNGwbZ1ILc_CybERxHzS65k220T4pR.mzG5Af9bBD7V1UN7\" target=\"_blank\" rel=\"noopener\">Watch Now<\/a><\/td>\n<\/tr>\n<tr>\n<td style=\"width: 60.3362%;\"><span>IR Heating Design <\/span><span>for Car Washes and Wet Environments<\/span><\/td>\n<td style=\"width: 22.1563%;\">September, 2021<\/td>\n<td style=\"width: 17.5074%;\"><a href=\"https:\/\/schwankgroup.zoom.us\/rec\/share\/gzgOEp5F-cGZrEj6GAXC1sO7IoiSd9CNDLPS2xnwz7r_l2ZXh-4zTBwfDcOalBLJ.cbE3zRlaVLzn9Jw6\" target=\"_blank\" rel=\"noopener\">Watch Now<\/a><\/td>\n<\/tr>\n<tr>\n<td style=\"width: 60.3362%;\"><span>Designing Comfort for <\/span><span>Outdoor Stadiums and Entertainment Venues<\/span><\/td>\n<td style=\"width: 22.1563%;\">October, 2021<\/td>\n<td style=\"width: 17.5074%;\"><a href=\"https:\/\/schwankgroup.zoom.us\/rec\/share\/2uVJkI7zNk31o_13JRFxjeEeT3kh6kb7ICFvJ8Y1LaUMnu0wMZ0v7X1I2i1lto0u.2Jg9q8zpo4m2NlQM\" target=\"_blank\" rel=\"noopener\">Watch Now<\/a><\/td>\n<\/tr>\n<\/tbody>\n<\/table>\n<p>[\/et_pb_accordion_item][\/et_pb_accordion][\/et_pb_column][\/et_pb_row][\/et_pb_section]<\/p>\n","protected":false},"excerpt":{"rendered":"<p>Restez au courant des prochains \u00e9v\u00e9nements et webinaires de Schwanks.<\/p>","protected":false},"author":4155,"featured_media":45503,"parent":0,"menu_order":0,"comment_status":"closed","ping_status":"closed","template":"","meta":{"_acf_changed":false,"_et_pb_use_builder":"on","_et_pb_old_content":"","_et_gb_content_width":"","footnotes":""},"class_list":["post-30410","page","type-page","status-publish","has-post-thumbnail","hentry"],"acf":[],"aioseo_notices":[],"_links":{"self":[{"href":"https:\/\/www.schwankgroup.com\/fr\/wp-json\/wp\/v2\/pages\/30410","targetHints":{"allow":["GET"]}}],"collection":[{"href":"https:\/\/www.schwankgroup.com\/fr\/wp-json\/wp\/v2\/pages"}],"about":[{"href":"https:\/\/www.schwankgroup.com\/fr\/wp-json\/wp\/v2\/types\/page"}],"author":[{"embeddable":true,"href":"https:\/\/www.schwankgroup.com\/fr\/wp-json\/wp\/v2\/users\/4155"}],"replies":[{"embeddable":true,"href":"https:\/\/www.schwankgroup.com\/fr\/wp-json\/wp\/v2\/comments?post=30410"}],"version-history":[{"count":12,"href":"https:\/\/www.schwankgroup.com\/fr\/wp-json\/wp\/v2\/pages\/30410\/revisions"}],"predecessor-version":[{"id":77232,"href":"https:\/\/www.schwankgroup.com\/fr\/wp-json\/wp\/v2\/pages\/30410\/revisions\/77232"}],"wp:featuredmedia":[{"embeddable":true,"href":"https:\/\/www.schwankgroup.com\/fr\/wp-json\/wp\/v2\/media\/45503"}],"wp:attachment":[{"href":"https:\/\/www.schwankgroup.com\/fr\/wp-json\/wp\/v2\/media?parent=30410"}],"curies":[{"name":"wp","href":"https:\/\/api.w.org\/{rel}","templated":true}]}}