{"id":20369,"date":"2021-10-29T21:46:32","date_gmt":"2021-10-29T21:46:32","guid":{"rendered":"https:\/\/www.schwankgroup.com\/?page_id=20369"},"modified":"2026-03-10T15:18:02","modified_gmt":"2026-03-10T15:18:02","slug":"form-thank-you","status":"publish","type":"page","link":"https:\/\/www.schwankgroup.com\/fr\/form-thank-you\/","title":{"rendered":"Formulaire | Remerciements"},"content":{"rendered":"<p>[et_pb_section fb_built=\u201d1\u2033 custom_padding_last_edited=\u201don|phone\u201d _builder_version=\u201d4.16\u2033 _module_preset=\u201ddefault\u201d background_color=\u201d#ffffff\u201d custom_padding_tablet=\u201d15px||15px||false|false\u201d custom_padding_phone=\u201d10px||20px||false|false\u201d da_disable_devices=\u201doff|off|off\u201d global_colors_info=\u201d{}\u201d da_is_popup=\u201doff\u201d da_exit_intent=\u201doff\u201d da_has_close=\u201don\u201d da_alt_close=\u201doff\u201d da_dark_close=\u201doff\u201d da_not_modal=\u201don\u201d da_is_singular=\u201doff\u201d da_with_loader=\u201doff\u201d da_has_shadow=\u201don\u201d][et_pb_row custom_padding_last_edited=\u201don|phone\u201d _builder_version=\u201d4.16\u2033 _module_preset=\u201ddefault\u201d custom_padding=\u201d||46px||false|false\u201d custom_padding_tablet=\u201d|0%|40px|false|false\u201d custom_padding_phone=\u201d||40px||false|false\u201d global_colors_info=\u201d{}\u201d][et_pb_column type=\u201d4_4\u2033 _builder_version=\u201d4.16\u2033 _module_preset=\u201ddefault\u201d global_colors_info=\u201d{}\u201d][et_pb_text _builder_version=\u201d4.27.5\u2033 _module_preset=\u201ddefault\u201d custom_padding=\u201d||||false|false\u201d hover_enabled=\u201d0\u2033 global_colors_info=\u201d{}\u201d sticky_enabled=\u201d0\u2033]<\/p>\n<h2>Soumission du formulaire<\/h2>\n<h3>Merci de votre attention.<\/h3>\n<p>&nbsp;<\/p>\n<p>Votre demande a \u00e9t\u00e9 soumise \u00e0 l'\u00e9quipe Schwank. Nous vous contacterons dans les plus brefs d\u00e9lais et serons heureux de discuter avec vous et de vous aider \u00e0 r\u00e9pondre \u00e0 votre demande !<\/p>\n<p>Si vous avez besoin d'aide, vous pouvez toujours contacter un membre \u00e0 l'adresse suivante <a href=\"mailto:csr@schwankgroup.com\">csr@schwankgroup.com<\/a>.<\/p>\n<p>[\/et_pb_text][\/et_pb_column][\/et_pb_row][\/et_pb_section][et_pb_section fb_built=\"1\u2033 custom_padding_last_edited=\"on|phone\" admin_label=\"Section\" _builder_version=\"4.7.7\u2033 _module_preset=\"default\" background_color=\"#f4f4f4\u2033 custom_padding=\"24px|||||\" custom_padding_tablet=\"10px||45px|false|false\" custom_padding_phone=\"10px||30px||false|false\" da_disable_devices=\"off|off|off\" global_module=\"14804\u2033 saved_tabs=\"all\" locked=\"off\" global_colors_info=\"{}\" da_is_popup=\"off\" da_exit_intent=\"off\" da_has_close=\"on\" da_alt_close=\"off\" da_dark_close=\"off\" da_not_modal=\"on\" da_is_singular=\"off\" da_with_loader=\"off\" da_has_shadow=\"on\"][et_pb_row custom_padding_last_edited=\"on|desktop\" _builder_version=\"4.16\u2033 _module_preset=\"default\" custom_padding=\"|20%||false|false\" custom_padding_tablet=\"|0%||false|false\" custom_padding_phone=\"\" global_colors_info=\"{}\"][et_pb_column type=\"4_4\u2033 _builder_version=\"4.16\u2033 _module_preset=\"default\" global_colors_info=\"{}\"][et_pb_text _builder_version=\"4.22.0\u2033 _module_preset=\"default\" custom_padding=\"|30%||false|false\" custom_padding_tablet=\"|0%|||false|false\" custom_padding_phone=\"\" custom_padding_last_edited=\"on|desktop\" global_colors_info=\"{}\"]<\/p>\n<h3><span style=\"color: #000000;\">Commencez<\/span><\/h3>\n<h3>Pour plus d'informations ou pour acheter, contactez-nous<\/h3>\n<p>[\/et_pb_text][\/et_pb_column][\/et_pb_row][et_pb_row column_structure=\"1_3,1_3,1_3\u2033 make_equal=\"on\" module_class=\"gq_r_fixed_buttons\" _builder_version=\"4.16\u2033 _module_preset=\"default\" background_enable_color=\"off\" min_height=\"259.9px\" custom_margin=\"||||false|false\" custom_padding=\"0px||0px||false|false\" global_colors_info=\"{}\"][et_pb_column type=\"1_3\u2033 _builder_version=\"4.16\u2033 _module_preset=\"default\" background_color=\"#ffffff\" global_colors_info=\"{}\"][et_pb_blurb use_icon=\"on\" font_icon=\"w||divi||400\u2033 image_icon_width=\"45px\" _builder_version=\"4.16\u2033 _module_preset=\"default\" custom_margin=\"||0px||false|false\" custom_padding=\"40px||||false|false\" icon_font_size=\"45px\" global_colors_info=\"{}\"][\/et_pb_blurb][et_pb_text _builder_version=\"4.16\u2033 _module_preset=\"default\" text_font=\"Helvetica Neue LT 83||||||||\" text_font_size=\"19px\" header_2_font_size=\"21px\" header_5_font_size=\"9px\" header_6_text_color=\"#e25303\u2033 header_6_letter_spacing=\"1px\" header_6_line_height=\"1.4em\" custom_margin=\"||8px||false|false\" custom_padding=\"20px|30px|0px|30px|false|true\" global_colors_info=\"{}\"]<\/p>\n<h4>Prenez contact avec nous<\/h4>\n<p>[\/et_pb_text][et_pb_text _builder_version=\"4.23\u2033 _module_preset=\"default\" custom_margin=\"-8px||19px|false|false\" custom_padding=\"0px|30px||30px|false|true\" global_colors_info=\"{}\"]<\/p>\n<p>Pour toute question d'ordre g\u00e9n\u00e9ral, veuillez nous appeler sans frais (\u00c9tats-Unis et Canada) au 1-877-686-3779 ou envoyer un courriel \u00e0 nos experts.\u00a0<\/p>\n<p>[\/et_pb_text][et_pb_button button_url=&#8221;mailto:%91email_csr%93&#8243; button_text=&#8221;Email our experts&#8221; _builder_version=&#8221;4.27.4&#8243; _module_preset=&#8221;default&#8221; custom_button=&#8221;on&#8221; custom_margin=&#8221;|30px|20px|30px|false|true&#8221; custom_padding=&#8221;||||false|false&#8221; global_colors_info=&#8221;{}&#8221;][\/et_pb_button][\/et_pb_column][et_pb_column type=&#8221;1_3&#8243; _builder_version=&#8221;4.16&#8243; _module_preset=&#8221;default&#8221; background_color=&#8221;#ffffff&#8221; background_enable_image=&#8221;off&#8221; global_colors_info=&#8221;{}&#8221;][et_pb_blurb use_icon=&#8221;on&#8221; font_icon=&#8221;&#xe01d;||divi||400&#8243; image_icon_width=&#8221;45px&#8221; _builder_version=&#8221;4.16&#8243; _module_preset=&#8221;default&#8221; custom_margin=&#8221;||0px||false|false&#8221; custom_padding=&#8221;40px||||false|false&#8221; icon_font_size=&#8221;45px&#8221; global_colors_info=&#8221;{}&#8221;][\/et_pb_blurb][et_pb_text _builder_version=&#8221;4.16&#8243; _module_preset=&#8221;default&#8221; text_font=&#8221;Helvetica Neue LT 83||||||||&#8221; text_font_size=&#8221;19px&#8221; header_2_font_size=&#8221;21px&#8221; header_5_font_size=&#8221;9px&#8221; header_6_text_color=&#8221;#e25303&#8243; header_6_letter_spacing=&#8221;1px&#8221; header_6_line_height=&#8221;1.4em&#8221; custom_margin=&#8221;||8px||false|false&#8221; custom_padding=&#8221;20px|30px|0px|30px|false|true&#8221; global_colors_info=&#8221;{}&#8221;]<\/p>\n<h4>O\u00f9 acheter<\/h4>\n<p>[\/et_pb_text][et_pb_text _builder_version=\"4.16\u2033 _module_preset=\"default\" custom_margin=\"-8px||||false|false\" custom_padding=\"0px|30px|20px|30px|false|true\" global_colors_info=\"{}\"]<\/p>\n<p>Les repr\u00e9sentants de Schwank vous aideront \u00e0 choisir les unit\u00e9s et les mod\u00e8les qui conviennent le mieux \u00e0 votre application, sans frais.<\/p>\n<p>[\/et_pb_text][et_pb_button button_url=\"\/locator\/\" button_text=\"Carte de localisation\" _builder_version=\"4.16\u2033 _module_preset=\"default\" custom_button=\"on\" custom_margin=\"|30px|20px|30px|false|true\" custom_padding=\"||||false|false\" global_colors_info=\"{}\"][\/et_pb_button][\/et_pb_column][et_pb_column type=\"1_3\u2033 _builder_version=\"4.16\u2033 _module_preset=\"default\" background_color=\"#ffffff\" background_enable_image=\"off\" global_colors_info=\"{}\"][et_pb_blurb use_icon=\"on\" font_icon=\"k||divi|||400\u2033 image_icon_width=\"45px\" _builder_version=\"4.16\u2033 _module_preset=\"default\" custom_margin=\"||0px||false|false\" custom_padding=\"40px||||false|false\" icon_font_size=\"45px\" global_colors_info=\"{}\"][\/et_pb_blurb][et_pb_text _builder_version=\"4.16\u2033 _module_preset=\"default\" text_font=\"Helvetica Neue LT 83||||||||\" text_font_size=\"19px\" header_2_font_size=\"21px\" header_5_font_size=\"9px\" header_6_text_color=\"#e25303\u2033 header_6_letter_spacing=\"1px\" header_6_line_height=\"1.4em\" custom_margin=\"||8px||false|false\" custom_padding=\"20px|30px|0px|30px|false|true\" global_colors_info=\"{}\"]<\/p>\n<h4>Demander un design<\/h4>\n<p>[\/et_pb_text][et_pb_text _builder_version=\"4.23\u2033 _module_preset=\"default\" custom_margin=\"-8px||||false|false\" custom_padding=\"0px|30px|20px|30px|false|true\" global_colors_info=\"{}\"]<\/p>\n<p>Nous pouvons recommander, soutenir la sp\u00e9cification et \u00eatre un partenaire tout au long du processus de conception.<\/p>\n<p>[\/et_pb_text][et_pb_button button_url=\"\/support\" button_text=\"Demandez votre design\" _builder_version=\"4.16\u2033 _module_preset=\"default\" custom_button=\"on\" custom_margin=\"|30px|20px|30px|false|true\" custom_padding=\"||||false|false\" global_colors_info=\"{}\"][\/et_p_button][\/et_p_column][\/et_p_b_row][\/et_pb_section]<\/p>","protected":false},"excerpt":{"rendered":"<p>Form submission Thank you &nbsp; Your request has been submitted to the Schwank team. We will be in touch shortly and are happy to discuss and assist you with your inquiry! Should you require assistance, you can always connect with a member at csr@schwankgroup.com.Get started For more information or to purchase, contact usGet in touchFor general inquiries, please call us toll-free (USA &amp; Canada) 1-877-686-3779 or email our experts.\u00a0Where to buySchwank reps will help you select the units and designs that best fit your application, at no charge.Request a designWe can recommend, support specifying, and be a partner through the entire design process.<\/p>","protected":false},"author":3377,"featured_media":0,"parent":0,"menu_order":10,"comment_status":"closed","ping_status":"closed","template":"","meta":{"_acf_changed":false,"_et_pb_use_builder":"on","_et_pb_old_content":"","_et_gb_content_width":"","footnotes":""},"class_list":["post-20369","page","type-page","status-publish","hentry"],"acf":[],"aioseo_notices":[],"_links":{"self":[{"href":"https:\/\/www.schwankgroup.com\/fr\/wp-json\/wp\/v2\/pages\/20369","targetHints":{"allow":["GET"]}}],"collection":[{"href":"https:\/\/www.schwankgroup.com\/fr\/wp-json\/wp\/v2\/pages"}],"about":[{"href":"https:\/\/www.schwankgroup.com\/fr\/wp-json\/wp\/v2\/types\/page"}],"author":[{"embeddable":true,"href":"https:\/\/www.schwankgroup.com\/fr\/wp-json\/wp\/v2\/users\/3377"}],"replies":[{"embeddable":true,"href":"https:\/\/www.schwankgroup.com\/fr\/wp-json\/wp\/v2\/comments?post=20369"}],"version-history":[{"count":1,"href":"https:\/\/www.schwankgroup.com\/fr\/wp-json\/wp\/v2\/pages\/20369\/revisions"}],"predecessor-version":[{"id":77296,"href":"https:\/\/www.schwankgroup.com\/fr\/wp-json\/wp\/v2\/pages\/20369\/revisions\/77296"}],"wp:attachment":[{"href":"https:\/\/www.schwankgroup.com\/fr\/wp-json\/wp\/v2\/media?parent=20369"}],"curies":[{"name":"wp","href":"https:\/\/api.w.org\/{rel}","templated":true}]}}