{"id":18785,"date":"2021-04-20T20:46:25","date_gmt":"2021-04-20T20:46:25","guid":{"rendered":"https:\/\/www.schwankgroup.com\/?page_id=18785"},"modified":"2021-04-20T20:46:25","modified_gmt":"2021-04-20T20:46:25","slug":"monsterfans-hvls-design-form-thank-you","status":"publish","type":"page","link":"https:\/\/www.schwankgroup.com\/fr\/monsterfans-hvls-design-form-thank-you\/","title":{"rendered":"MonsterFans HVLS Design Form | Merci"},"content":{"rendered":"<p>[et_pb_section fb_built=&#8221;1&#8243; custom_padding_last_edited=&#8221;on|phone&#8221; _builder_version=&#8221;4.7.7&#8243; _module_preset=&#8221;default&#8221; background_color=&#8221;#ffffff&#8221; custom_padding_tablet=&#8221;15px||15px||false|false&#8221; custom_padding_phone=&#8221;10px||20px||false|false&#8221; da_disable_devices=&#8221;off|off|off&#8221; da_is_popup=&#8221;off&#8221; da_exit_intent=&#8221;off&#8221; da_has_close=&#8221;on&#8221; da_alt_close=&#8221;off&#8221; da_dark_close=&#8221;off&#8221; da_not_modal=&#8221;on&#8221; da_is_singular=&#8221;off&#8221; da_with_loader=&#8221;off&#8221; da_has_shadow=&#8221;on&#8221;][et_pb_row custom_padding_last_edited=&#8221;on|phone&#8221; _builder_version=&#8221;4.7.7&#8243; _module_preset=&#8221;default&#8221; custom_padding=&#8221;||46px||false|false&#8221; custom_padding_tablet=&#8221;|0%|40px||false|false&#8221; custom_padding_phone=&#8221;||40px||false|false&#8221;][et_pb_column type=&#8221;4_4&#8243; _builder_version=&#8221;4.7.7&#8243; _module_preset=&#8221;default&#8221;][et_pb_text _builder_version=&#8221;4.7.7&#8243; _module_preset=&#8221;default&#8221; custom_padding=&#8221;||||false|false&#8221; hover_enabled=&#8221;0&#8243; sticky_enabled=&#8221;0&#8243;]<\/p>\n<h2>MonsterFans HVLS design form<\/h2>\n<h3>Thank you<\/h3>\n<p>&nbsp;<\/p>\n<p>Your request has been submitted to the Schwank design\/quotation team. We will be in touch shortly and are happy to discuss and assist you with your project!<\/p>\n<p>Should you require assistance, you can always connect with a member of the Schwank team at <a href=\"tel:1-706-554-6191\">1-706-554-6191<\/a><a href=\"tel:1-877-446-3727\"><\/a>\u00a0or <a href=\"mailto:csr@schwankgroup.com\">csr@schwankgroup.com<\/a><\/p>\n<p>&nbsp;<\/p>\n<p>If you haven&#8217;t yet, you can read what our customers have to say about partnering with Schwank!<\/p>\n<p>[\/et_pb_text][et_pb_button button_url=&#8221;\/testimonials\/&#8221; button_text=&#8221;Read testimonials&#8221; _builder_version=&#8221;4.7.7&#8243; _module_preset=&#8221;default&#8221; locked=&#8221;off&#8221;][\/et_pb_button][\/et_pb_column][\/et_pb_row][\/et_pb_section][et_pb_section fb_built=&#8221;1&#8243; custom_padding_last_edited=&#8221;on|phone&#8221; _builder_version=&#8221;4.7.7&#8243; _module_preset=&#8221;default&#8221; background_color=&#8221;#f4f4f4&#8243; custom_padding_tablet=&#8221;10px||45px||false|false&#8221; custom_padding_phone=&#8221;10px||30px||false|false&#8221; da_disable_devices=&#8221;off|off|off&#8221; global_module=&#8221;14804&#8243; saved_tabs=&#8221;all&#8221; da_is_popup=&#8221;off&#8221; da_exit_intent=&#8221;off&#8221; da_has_close=&#8221;on&#8221; da_alt_close=&#8221;off&#8221; da_dark_close=&#8221;off&#8221; da_not_modal=&#8221;on&#8221; da_is_singular=&#8221;off&#8221; da_with_loader=&#8221;off&#8221; da_has_shadow=&#8221;on&#8221;][et_pb_row custom_padding_last_edited=&#8221;on|desktop&#8221; _builder_version=&#8221;4.7.7&#8243; _module_preset=&#8221;default&#8221; custom_padding=&#8221;|20%|||false|false&#8221; custom_padding_tablet=&#8221;|0%|||false|false&#8221; custom_padding_phone=&#8221;&#8221;][et_pb_column type=&#8221;4_4&#8243; _builder_version=&#8221;4.7.7&#8243; _module_preset=&#8221;default&#8221;][et_pb_text _builder_version=&#8221;4.7.7&#8243; _module_preset=&#8221;default&#8221; custom_padding=&#8221;|30%|||false|false&#8221; custom_padding_tablet=&#8221;|0%|||false|false&#8221; custom_padding_phone=&#8221;&#8221; custom_padding_last_edited=&#8221;on|desktop&#8221;]<\/p>\n<h2>Get started<\/h2>\n<h3>For more information or to purchase, please contact us<\/h3>\n<p>[\/et_pb_text][\/et_pb_column][\/et_pb_row][et_pb_row column_structure=&#8221;1_3,1_3,1_3&#8243; make_equal=&#8221;on&#8221; module_class=&#8221;gq_r_fixed_buttons&#8221; _builder_version=&#8221;4.7.7&#8243; _module_preset=&#8221;default&#8221; background_enable_color=&#8221;off&#8221; custom_margin=&#8221;||||false|false&#8221; custom_padding=&#8221;0px||0px||false|false&#8221;][et_pb_column type=&#8221;1_3&#8243; _builder_version=&#8221;4.7.7&#8243; _module_preset=&#8221;default&#8221; background_color=&#8221;#ffffff&#8221;][et_pb_blurb use_icon=&#8221;on&#8221; font_icon=&#8221;%%86%%&#8221; use_icon_font_size=&#8221;on&#8221; icon_font_size=&#8221;45px&#8221; _builder_version=&#8221;4.7.7&#8243; _module_preset=&#8221;default&#8221; custom_margin=&#8221;||0px||false|false&#8221; custom_padding=&#8221;40px||||false|false&#8221;][\/et_pb_blurb][et_pb_text _builder_version=&#8221;4.7.7&#8243; _module_preset=&#8221;default&#8221; text_font=&#8221;Helvetica Neue LT 83||||||||&#8221; text_font_size=&#8221;19px&#8221; header_2_font_size=&#8221;21px&#8221; header_5_font_size=&#8221;9px&#8221; header_6_text_color=&#8221;#e25303&#8243; header_6_letter_spacing=&#8221;1px&#8221; header_6_line_height=&#8221;1.4em&#8221; custom_margin=&#8221;||8px||false|false&#8221; custom_padding=&#8221;20px|30px|0px|30px|false|true&#8221;]<\/p>\n<h4>Get in touch<\/h4>\n<p>[\/et_pb_text][et_pb_text _builder_version=&#8221;4.7.7&#8243; _module_preset=&#8221;default&#8221; custom_margin=&#8221;-8px||19px||false|false&#8221; custom_padding=&#8221;0px|30px||30px|false|true&#8221;]If you have a general inquiry, please call us toll free (USA &amp; Canada) or email our experts.[\/et_pb_text][et_pb_text _builder_version=&#8221;4.7.7&#8243; _module_preset=&#8221;default&#8221; text_text_color=&#8221;#e25303&#8243; text_font_size=&#8221;19px&#8221; custom_margin=&#8221;0px||||false|false&#8221; custom_padding=&#8221;0px|30px|26px|30px|false|true&#8221;]<\/p>\n<p><a href=\"tel:1-706-554-6191\">1-706-554-6191<\/a><\/p>\n<p>[\/et_pb_text][et_pb_button button_url=&#8221;mailto:csr@schwankgroup.com&#8221; button_text=&#8221;Email our experts&#8221; _builder_version=&#8221;4.7.7&#8243; _module_preset=&#8221;default&#8221; custom_button=&#8221;on&#8221; custom_margin=&#8221;|30px|20px|30px|false|true&#8221; custom_padding=&#8221;||||false|false&#8221;][\/et_pb_button][\/et_pb_column][et_pb_column type=&#8221;1_3&#8243; _builder_version=&#8221;4.7.7&#8243; _module_preset=&#8221;default&#8221; background_color=&#8221;#ffffff&#8221; background_enable_image=&#8221;off&#8221;][et_pb_blurb use_icon=&#8221;on&#8221; font_icon=&#8221;%%122%%&#8221; use_icon_font_size=&#8221;on&#8221; icon_font_size=&#8221;45px&#8221; _builder_version=&#8221;4.7.7&#8243; _module_preset=&#8221;default&#8221; custom_margin=&#8221;||0px||false|false&#8221; custom_padding=&#8221;40px||||false|false&#8221;][\/et_pb_blurb][et_pb_text _builder_version=&#8221;4.7.7&#8243; _module_preset=&#8221;default&#8221; text_font=&#8221;Helvetica Neue LT 83||||||||&#8221; text_font_size=&#8221;19px&#8221; header_2_font_size=&#8221;21px&#8221; header_5_font_size=&#8221;9px&#8221; header_6_text_color=&#8221;#e25303&#8243; header_6_letter_spacing=&#8221;1px&#8221; header_6_line_height=&#8221;1.4em&#8221; custom_margin=&#8221;||8px||false|false&#8221; custom_padding=&#8221;20px|30px|0px|30px|false|true&#8221;]<\/p>\n<h4>Where to buy<\/h4>\n<p>[\/et_pb_text][et_pb_text _builder_version=&#8221;4.7.7&#8243; _module_preset=&#8221;default&#8221; custom_margin=&#8221;-8px||||false|false&#8221; custom_padding=&#8221;0px|30px|20px|30px|false|true&#8221;]<\/p>\n<p>Schwank partners will help you select the units and design that best fit your application, at no charge.<\/p>\n<p>[\/et_pb_text][et_pb_button button_url=&#8221;\/find-a-distributor&#8221; button_text=&#8221;Locator map&#8221; _builder_version=&#8221;4.7.7&#8243; _module_preset=&#8221;default&#8221; custom_button=&#8221;on&#8221; custom_margin=&#8221;|30px|20px|30px|false|true&#8221; custom_padding=&#8221;||||false|false&#8221;][\/et_pb_button][\/et_pb_column][et_pb_column type=&#8221;1_3&#8243; _builder_version=&#8221;4.7.7&#8243; _module_preset=&#8221;default&#8221; background_color=&#8221;#ffffff&#8221; background_enable_image=&#8221;off&#8221;][et_pb_blurb use_icon=&#8221;on&#8221; font_icon=&#8221;%%74%%&#8221; use_icon_font_size=&#8221;on&#8221; icon_font_size=&#8221;45px&#8221; _builder_version=&#8221;4.7.7&#8243; _module_preset=&#8221;default&#8221; custom_margin=&#8221;||0px||false|false&#8221; custom_padding=&#8221;40px||||false|false&#8221;][\/et_pb_blurb][et_pb_text _builder_version=&#8221;4.7.7&#8243; _module_preset=&#8221;default&#8221; text_font=&#8221;Helvetica Neue LT 83||||||||&#8221; text_font_size=&#8221;19px&#8221; header_2_font_size=&#8221;21px&#8221; header_5_font_size=&#8221;9px&#8221; header_6_text_color=&#8221;#e25303&#8243; header_6_letter_spacing=&#8221;1px&#8221; header_6_line_height=&#8221;1.4em&#8221; custom_margin=&#8221;||8px||false|false&#8221; custom_padding=&#8221;20px|30px|0px|30px|false|true&#8221;]<\/p>\n<h4>Request a design<\/h4>\n<p>[\/et_pb_text][et_pb_text _builder_version=&#8221;4.7.7&#8243; _module_preset=&#8221;default&#8221; custom_margin=&#8221;-8px||||false|false&#8221; custom_padding=&#8221;0px|30px|20px|30px|false|true&#8221;]Our team will recommend &#038; support specifying the required products and be a partner to guide you through the entire design process.[\/et_pb_text][et_pb_button button_url=&#8221;\/support&#8221; button_text=&#8221;Request your design&#8221; _builder_version=&#8221;4.7.7&#8243; _module_preset=&#8221;default&#8221; custom_button=&#8221;on&#8221; custom_margin=&#8221;|30px|20px|30px|false|true&#8221; custom_padding=&#8221;||||false|false&#8221;][\/et_pb_button][\/et_pb_column][\/et_pb_row][\/et_pb_section]<\/p>\n","protected":false},"excerpt":{"rendered":"<p>MonsterFans Formulaire de conception HVLS Merci Votre demande a \u00e9t\u00e9 soumise \u00e0 l'\u00e9quipe de conception\/de devis de Schwank. Nous vous contacterons dans les plus brefs d\u00e9lais et serons heureux de discuter de votre projet et de vous aider \u00e0 le mener \u00e0 bien ! Si vous avez besoin d'aide, vous pouvez toujours contacter un membre de l'\u00e9quipe Schwank au 1-706-554-6191 ou \u00e0 csr@schwankgroup.com. Si vous ne l'avez pas encore fait, vous pouvez lire ce que nos clients ont \u00e0 dire sur le partenariat avec Schwank ! Pour plus d'informations ou pour acheter, veuillez nous contacterEn contactSi vous avez une question d'ordre g\u00e9n\u00e9ral, veuillez nous appeler sans frais (USA et Canada) ou envoyer un e-mail \u00e0 nos experts.1-706-554-6191O\u00f9 acheterLes partenaires de Schwank vous aideront \u00e0 s\u00e9lectionner les unit\u00e9s et le design qui conviennent le mieux \u00e0 votre application, sans frais.Demander un designNotre \u00e9quipe vous recommandera et vous aidera \u00e0 sp\u00e9cifier les produits n\u00e9cessaires et sera un partenaire qui vous guidera tout au long du processus de conception.<\/p>","protected":false},"author":3377,"featured_media":0,"parent":0,"menu_order":28,"comment_status":"closed","ping_status":"closed","template":"","meta":{"_acf_changed":false,"_et_pb_use_builder":"on","_et_pb_old_content":"","_et_gb_content_width":"","footnotes":""},"class_list":["post-18785","page","type-page","status-publish","hentry"],"acf":[],"aioseo_notices":[],"_links":{"self":[{"href":"https:\/\/www.schwankgroup.com\/fr\/wp-json\/wp\/v2\/pages\/18785","targetHints":{"allow":["GET"]}}],"collection":[{"href":"https:\/\/www.schwankgroup.com\/fr\/wp-json\/wp\/v2\/pages"}],"about":[{"href":"https:\/\/www.schwankgroup.com\/fr\/wp-json\/wp\/v2\/types\/page"}],"author":[{"embeddable":true,"href":"https:\/\/www.schwankgroup.com\/fr\/wp-json\/wp\/v2\/users\/3377"}],"replies":[{"embeddable":true,"href":"https:\/\/www.schwankgroup.com\/fr\/wp-json\/wp\/v2\/comments?post=18785"}],"version-history":[{"count":0,"href":"https:\/\/www.schwankgroup.com\/fr\/wp-json\/wp\/v2\/pages\/18785\/revisions"}],"wp:attachment":[{"href":"https:\/\/www.schwankgroup.com\/fr\/wp-json\/wp\/v2\/media?parent=18785"}],"curies":[{"name":"wp","href":"https:\/\/api.w.org\/{rel}","templated":true}]}}