{"id":15209,"date":"2021-03-02T20:52:12","date_gmt":"2021-03-02T20:52:12","guid":{"rendered":"http:\/\/schwankgroup.flywheelsites.com\/?page_id=15209"},"modified":"2025-03-06T20:08:53","modified_gmt":"2025-03-06T20:08:53","slug":"warranty","status":"publish","type":"page","link":"https:\/\/www.schwankgroup.com\/fr\/products\/warranty\/","title":{"rendered":"Garantie"},"content":{"rendered":"<p>[et_pb_section fb_built=&#8221;1&#8243; _builder_version=&#8221;4.16&#8243; _module_preset=&#8221;default&#8221; custom_padding=&#8221;||20px|||&#8221; da_disable_devices=&#8221;off|off|off&#8221; global_colors_info=&#8221;{}&#8221; da_is_popup=&#8221;off&#8221; da_exit_intent=&#8221;off&#8221; da_has_close=&#8221;on&#8221; da_alt_close=&#8221;off&#8221; da_dark_close=&#8221;off&#8221; da_not_modal=&#8221;on&#8221; da_is_singular=&#8221;off&#8221; da_with_loader=&#8221;off&#8221; da_has_shadow=&#8221;on&#8221;][et_pb_row custom_padding_last_edited=&#8221;on|desktop&#8221; _builder_version=&#8221;4.16&#8243; _module_preset=&#8221;default&#8221; custom_margin=&#8221;||||false|false&#8221; custom_padding_tablet=&#8221;|0%|||false|false&#8221; custom_padding_phone=&#8221;||15px||false|false&#8221; global_colors_info=&#8221;{}&#8221;][et_pb_column type=&#8221;4_4&#8243; _builder_version=&#8221;4.16&#8243; _module_preset=&#8221;default&#8221; global_colors_info=&#8221;{}&#8221;][et_pb_text _builder_version=&#8221;4.16&#8243; _module_preset=&#8221;default&#8221; global_colors_info=&#8221;{}&#8221;]<\/p>\n<h2>Warranty<\/h2>\n<p>[\/et_pb_text][\/et_pb_column][\/et_pb_row][et_pb_row _builder_version=&#8221;4.16&#8243; _module_preset=&#8221;default&#8221; custom_padding=&#8221;13px|||||&#8221; global_colors_info=&#8221;{}&#8221;][et_pb_column type=&#8221;4_4&#8243; _builder_version=&#8221;4.16&#8243; _module_preset=&#8221;default&#8221; global_colors_info=&#8221;{}&#8221;][et_pb_text _builder_version=&#8221;4.22.2&#8243; _module_preset=&#8221;default&#8221; custom_margin=&#8221;||4px||false|false&#8221; global_colors_info=&#8221;{}&#8221;]<\/p>\n<h4>Outdoor patio heaters \/ High-intensity heaters<\/h4>\n<p>[\/et_pb_text][et_pb_text module_class=&#8221;bullet-list-branded&#8221; _builder_version=&#8221;4.27.4&#8243; _module_preset=&#8221;default&#8221; text_text_color=&#8221;#999999&#8243; ul_text_color=&#8221;#e25303&#8243; custom_margin=&#8221;||||false|false&#8221; custom_padding=&#8221;||0px||false|false&#8221; hover_enabled=&#8221;0&#8243; global_colors_info=&#8221;{}&#8221; sticky_enabled=&#8221;0&#8243;]<\/p>\n<p>&nbsp;<\/p>\n<table border=\"1\" style=\"border-collapse: collapse; width: 100%; height: 144px;\">\n<tbody>\n<tr style=\"height: 24px;\">\n<td style=\"width: 16.6667%; height: 24px;\"><strong>Model<\/strong><\/td>\n<td style=\"width: 16.6667%; height: 24px;\"><strong>All Components<\/strong><\/td>\n<td style=\"width: 16.6667%; height: 24px;\"><strong>Ceramic Tile<\/strong><\/td>\n<td style=\"width: 16.6667%; height: 24px;\"><strong>Burner<\/strong><\/td>\n<\/tr>\n<tr style=\"height: 24px;\">\n<td style=\"width: 16.6667%; height: 24px;\"><span style=\"color: #000000;\">supremeSchwank\u00a0<\/span><\/td>\n<td style=\"width: 16.6667%; height: 24px;\"><span style=\"color: #000000;\">1<\/span><\/td>\n<td style=\"width: 16.6667%; height: 24px;\"><span style=\"color: #000000;\">3<\/span><\/td>\n<td style=\"width: 16.6667%; height: 24px;\"><span style=\"color: #000000;\">3<\/span><\/td>\n<\/tr>\n<tr style=\"height: 24px;\">\n<td style=\"width: 16.6667%; height: 24px;\"><span style=\"color: #000000;\">electricSchwank<\/span><\/td>\n<td style=\"width: 16.6667%; height: 24px;\"><span style=\"color: #000000;\">2<\/span><\/td>\n<td style=\"width: 16.6667%; height: 24px;\">&#8211;<\/td>\n<td style=\"width: 16.6667%; height: 24px;\">&#8211;<\/td>\n<\/tr>\n<tr>\n<td style=\"width: 16.6667%;\"><span style=\"color: #000000;\">ecoSchwank<\/span><\/td>\n<td style=\"width: 16.6667%;\"><span style=\"color: #000000;\">2<\/span><\/td>\n<td style=\"width: 16.6667%;\">10<\/td>\n<td style=\"width: 16.6667%;\">&#8211;<\/td>\n<\/tr>\n<\/tbody>\n<\/table>\n<p>[\/et_pb_text][\/et_pb_column][\/et_pb_row][et_pb_row _builder_version=&#8221;4.16&#8243; _module_preset=&#8221;default&#8221; custom_padding=&#8221;13px|||||&#8221; global_colors_info=&#8221;{}&#8221;][et_pb_column type=&#8221;4_4&#8243; _builder_version=&#8221;4.16&#8243; _module_preset=&#8221;default&#8221; global_colors_info=&#8221;{}&#8221;][et_pb_text _builder_version=&#8221;4.16&#8243; _module_preset=&#8221;default&#8221; custom_margin=&#8221;||4px||false|false&#8221; global_colors_info=&#8221;{}&#8221;]<\/p>\n<h4>Tube heaters<\/h4>\n<p>[\/et_pb_text][et_pb_text module_class=&#8221;bullet-list-branded&#8221; _builder_version=&#8221;4.22.2&#8243; _module_preset=&#8221;default&#8221; text_text_color=&#8221;#999999&#8243; ul_text_color=&#8221;#e25303&#8243; custom_margin=&#8221;||||false|false&#8221; custom_padding=&#8221;||0px||false|false&#8221; global_colors_info=&#8221;{}&#8221;]<\/p>\n<p>&nbsp;<\/p>\n<table border=\"1\" style=\"border-collapse: collapse; width: 100%; height: 144px;\">\n<tbody>\n<tr style=\"height: 24px;\">\n<td style=\"width: 16.6667%; height: 24px;\"><span style=\"color: #000000;\"><strong>Model<\/strong><\/span><\/td>\n<td style=\"width: 16.6667%; height: 24px;\"><span style=\"color: #000000;\"><strong>All Components<\/strong><\/span><\/td>\n<td style=\"width: 16.6667%; height: 24px;\"><span style=\"color: #000000;\"><strong>Burner<\/strong><\/span><\/td>\n<td style=\"width: 16.6667%; height: 24px;\"><span style=\"color: #000000;\"><strong>Tubes<\/strong><\/span><\/td>\n<\/tr>\n<tr style=\"height: 24px;\">\n<td style=\"width: 16.6667%; height: 24px;\"><span style=\"color: #000000;\">superTube SST Series<\/span><\/td>\n<td style=\"width: 16.6667%; height: 24px;\"><span style=\"color: #000000;\">3<\/span><\/td>\n<td style=\"width: 16.6667%; height: 24px;\"><span style=\"color: #000000;\">10<\/span><\/td>\n<td style=\"width: 16.6667%; height: 24px;\"><span style=\"color: #000000;\">10<\/span><\/td>\n<\/tr>\n<tr style=\"height: 24px;\">\n<td style=\"width: 16.6667%; height: 24px;\"><span style=\"color: #000000;\">premierSchwank STS<\/span><\/td>\n<td style=\"width: 16.6667%; height: 24px;\"><span style=\"color: #000000;\">3<\/span><\/td>\n<td style=\"width: 16.6667%; height: 24px;\"><span style=\"color: #000000;\">10<\/span><\/td>\n<td style=\"width: 16.6667%; height: 24px;\"><span style=\"color: #000000;\">10<\/span><\/td>\n<\/tr>\n<tr style=\"height: 24px;\">\n<td style=\"width: 16.6667%; height: 24px;\"><span style=\"color: #000000;\">builderSchwank S100 \/ S100U<\/span><\/td>\n<td style=\"width: 16.6667%; height: 24px;\"><span style=\"color: #000000;\">2<\/span><\/td>\n<td style=\"width: 16.6667%; height: 24px;\"><span style=\"color: #000000;\">5<\/span><\/td>\n<td style=\"width: 16.6667%; height: 24px;\"><span style=\"color: #000000;\">5<\/span><\/td>\n<\/tr>\n<tr>\n<td style=\"width: 16.6667%;\"><span style=\"color: #000000;\">builderSchwank SET\/SETU<\/span><\/td>\n<td style=\"width: 16.6667%;\"><span style=\"color: #000000;\">2<\/span><\/td>\n<td style=\"width: 16.6667%;\"><span style=\"color: #000000;\">5<\/span><\/td>\n<td style=\"width: 16.6667%;\"><span style=\"color: #000000;\">5<\/span><\/td>\n<\/tr>\n<tr style=\"height: 24px;\">\n<td style=\"width: 16.6667%; height: 24px;\"><span style=\"color: #000000;\">duraSchwank<\/span><\/td>\n<td style=\"width: 16.6667%; height: 24px;\"><span style=\"color: #000000;\">3<\/span><\/td>\n<td style=\"width: 16.6667%; height: 24px;\"><span style=\"color: #000000;\">10<\/span><\/td>\n<td style=\"width: 16.6667%; height: 24px;\"><span style=\"color: #000000;\">10<\/span><\/td>\n<\/tr>\n<tr>\n<td style=\"width: 16.6667%;\"><span style=\"color: #000000;\">P40U Series<\/span><\/td>\n<td style=\"width: 16.6667%;\"><span style=\"color: #000000;\">3<\/span><\/td>\n<td style=\"width: 16.6667%;\"><span style=\"color: #000000;\">10<\/span><\/td>\n<td style=\"width: 16.6667%;\"><span style=\"color: #000000;\">10<\/span><\/td>\n<\/tr>\n<tr>\n<td style=\"width: 16.6667%;\"><span style=\"color: #000000;\">P40 Residential<\/span><\/td>\n<td style=\"width: 16.6667%;\"><span style=\"color: #000000;\">3<\/span><\/td>\n<td style=\"width: 16.6667%;\"><span style=\"color: #000000;\">&#8211;<\/span><\/td>\n<td style=\"width: 16.6667%;\"><span style=\"color: #000000;\">&#8211;<\/span><\/td>\n<\/tr>\n<\/tbody>\n<\/table>\n<p>[\/et_pb_text][\/et_pb_column][\/et_pb_row][et_pb_row _builder_version=&#8221;4.16&#8243; _module_preset=&#8221;default&#8221; custom_padding=&#8221;13px|||||&#8221; global_colors_info=&#8221;{}&#8221;][et_pb_column type=&#8221;4_4&#8243; _builder_version=&#8221;4.16&#8243; _module_preset=&#8221;default&#8221; global_colors_info=&#8221;{}&#8221;][et_pb_text _builder_version=&#8221;4.16&#8243; _module_preset=&#8221;default&#8221; custom_margin=&#8221;||4px||false|false&#8221; global_colors_info=&#8221;{}&#8221;]<\/p>\n<h4>Air curtains<\/h4>\n<p>[\/et_pb_text][et_pb_text module_class=&#8221;bullet-list-branded&#8221; _builder_version=&#8221;4.22.2&#8243; _module_preset=&#8221;default&#8221; text_text_color=&#8221;#999999&#8243; ul_text_color=&#8221;#e25303&#8243; custom_margin=&#8221;||||false|false&#8221; custom_padding=&#8221;||0px||false|false&#8221; global_colors_info=&#8221;{}&#8221;]<\/p>\n<p>&nbsp;<\/p>\n<table border=\"1\" style=\"border-collapse: collapse; width: 100%; height: 192px;\">\n<tbody>\n<tr style=\"height: 24px;\">\n<td style=\"width: 16.6667%; height: 24px;\"><span style=\"color: #000000;\"><strong>Model<\/strong><\/span><\/td>\n<td style=\"width: 16.6667%; height: 24px;\"><span style=\"color: #000000;\"><strong>All Components<\/strong><\/span><\/td>\n<\/tr>\n<tr style=\"height: 24px;\">\n<td style=\"width: 16.6667%; height: 24px;\"><span style=\"color: #000000;\">Breeze8 (2000 Series)<\/span><\/td>\n<td style=\"width: 16.6667%; height: 24px;\"><span style=\"color: #000000;\">2<\/span><\/td>\n<\/tr>\n<tr style=\"height: 24px;\">\n<td style=\"width: 16.6667%; height: 24px;\"><span style=\"color: #000000;\">Breeze 9 (1200 Series)<\/span><\/td>\n<td style=\"width: 16.6667%; height: 24px;\">1<\/td>\n<\/tr>\n<tr style=\"height: 24px;\">\n<td style=\"width: 16.6667%; height: 24px;\"><span style=\"color: #000000;\">Breeze10 (2500 Series)<\/span><\/td>\n<td style=\"width: 16.6667%; height: 24px;\">2<\/td>\n<\/tr>\n<tr style=\"height: 24px;\">\n<td style=\"width: 16.6667%; height: 24px;\"><span style=\"color: #000000;\">Swift 5 Series<\/span><\/td>\n<td style=\"width: 16.6667%; height: 24px;\">1<\/td>\n<\/tr>\n<tr style=\"height: 24px;\">\n<td style=\"width: 16.6667%; height: 24px;\"><span style=\"color: #000000;\">Select12 \/ 12R Series<\/span><\/td>\n<td style=\"width: 16.6667%; height: 24px;\">5 (limited coverage)<\/td>\n<\/tr>\n<tr style=\"height: 24px;\">\n<td style=\"width: 16.6667%; height: 24px;\"><span style=\"color: #000000;\">Select14 \/ 14R Series<\/span><\/td>\n<td style=\"width: 16.6667%; height: 24px;\">5 (limited coverage)<\/td>\n<\/tr>\n<tr>\n<td style=\"width: 16.6667%;\"><span style=\"color: #000000;\">Epic14 Series Electric-Heated<\/span><\/td>\n<td style=\"width: 16.6667%;\">1.5 (limited coverage)<\/td>\n<\/tr>\n<tr style=\"height: 24px;\">\n<td style=\"width: 16.6667%; height: 24px;\"><span style=\"color: #000000;\">Epic14 Series Ambient<\/span><\/td>\n<td style=\"width: 16.6667%; height: 24px;\">5 (limited coverage)<\/td>\n<\/tr>\n<\/tbody>\n<\/table>\n<p>&nbsp;<\/p>\n<p>[\/et_pb_text][\/et_pb_column][\/et_pb_row][\/et_pb_section][et_pb_section fb_built=&#8221;1&#8243; custom_padding_last_edited=&#8221;on|phone&#8221; admin_label=&#8221;Section&#8221; _builder_version=&#8221;4.7.7&#8243; _module_preset=&#8221;default&#8221; background_color=&#8221;#f4f4f4&#8243; custom_padding=&#8221;24px|||||&#8221; custom_padding_tablet=&#8221;10px||45px||false|false&#8221; custom_padding_phone=&#8221;10px||30px||false|false&#8221; da_disable_devices=&#8221;off|off|off&#8221; global_module=&#8221;14804&#8243; saved_tabs=&#8221;all&#8221; locked=&#8221;off&#8221; global_colors_info=&#8221;{}&#8221; da_is_popup=&#8221;off&#8221; da_exit_intent=&#8221;off&#8221; da_has_close=&#8221;on&#8221; da_alt_close=&#8221;off&#8221; da_dark_close=&#8221;off&#8221; da_not_modal=&#8221;on&#8221; da_is_singular=&#8221;off&#8221; da_with_loader=&#8221;off&#8221; da_has_shadow=&#8221;on&#8221;][et_pb_row custom_padding_last_edited=&#8221;on|desktop&#8221; _builder_version=&#8221;4.16&#8243; _module_preset=&#8221;default&#8221; custom_padding=&#8221;|20%|||false|false&#8221; custom_padding_tablet=&#8221;|0%|||false|false&#8221; custom_padding_phone=&#8221;&#8221; global_colors_info=&#8221;{}&#8221;][et_pb_column type=&#8221;4_4&#8243; _builder_version=&#8221;4.16&#8243; _module_preset=&#8221;default&#8221; global_colors_info=&#8221;{}&#8221;][et_pb_text _builder_version=&#8221;4.22.0&#8243; _module_preset=&#8221;default&#8221; custom_padding=&#8221;|30%|||false|false&#8221; custom_padding_tablet=&#8221;|0%|||false|false&#8221; custom_padding_phone=&#8221;&#8221; custom_padding_last_edited=&#8221;on|desktop&#8221; global_colors_info=&#8221;{}&#8221;]<\/p>\n<h3><span style=\"color: #000000;\">Get started<\/span><\/h3>\n<h3>For more information or to purchase, contact us<\/h3>\n<p>[\/et_pb_text][\/et_pb_column][\/et_pb_row][et_pb_row column_structure=&#8221;1_3,1_3,1_3&#8243; make_equal=&#8221;on&#8221; module_class=&#8221;gq_r_fixed_buttons&#8221; _builder_version=&#8221;4.16&#8243; _module_preset=&#8221;default&#8221; background_enable_color=&#8221;off&#8221; min_height=&#8221;259.9px&#8221; custom_margin=&#8221;||||false|false&#8221; custom_padding=&#8221;0px||0px||false|false&#8221; global_colors_info=&#8221;{}&#8221;][et_pb_column type=&#8221;1_3&#8243; _builder_version=&#8221;4.16&#8243; _module_preset=&#8221;default&#8221; background_color=&#8221;#ffffff&#8221; global_colors_info=&#8221;{}&#8221;][et_pb_blurb use_icon=&#8221;on&#8221; font_icon=&#8221;&#x77;||divi||400&#8243; image_icon_width=&#8221;45px&#8221; _builder_version=&#8221;4.16&#8243; _module_preset=&#8221;default&#8221; custom_margin=&#8221;||0px||false|false&#8221; custom_padding=&#8221;40px||||false|false&#8221; icon_font_size=&#8221;45px&#8221; global_colors_info=&#8221;{}&#8221;][\/et_pb_blurb][et_pb_text _builder_version=&#8221;4.16&#8243; _module_preset=&#8221;default&#8221; text_font=&#8221;Helvetica Neue LT 83||||||||&#8221; text_font_size=&#8221;19px&#8221; header_2_font_size=&#8221;21px&#8221; header_5_font_size=&#8221;9px&#8221; header_6_text_color=&#8221;#e25303&#8243; header_6_letter_spacing=&#8221;1px&#8221; header_6_line_height=&#8221;1.4em&#8221; custom_margin=&#8221;||8px||false|false&#8221; custom_padding=&#8221;20px|30px|0px|30px|false|true&#8221; global_colors_info=&#8221;{}&#8221;]<\/p>\n<h4>Get in touch<\/h4>\n<p>[\/et_pb_text][et_pb_text _builder_version=&#8221;4.23&#8243; _module_preset=&#8221;default&#8221; custom_margin=&#8221;-8px||19px||false|false&#8221; custom_padding=&#8221;0px|30px||30px|false|true&#8221; global_colors_info=&#8221;{}&#8221;]<\/p>\n<p>For general inquiries, please call us toll-free (USA &amp; Canada) 1-877-686-3779 or email our experts.\u00a0<\/p>\n<p>[\/et_pb_text][et_pb_button button_url=&#8221;mailto:csr@schwankgroup.com&#8221; button_text=&#8221;Email our experts&#8221; _builder_version=&#8221;4.16&#8243; _module_preset=&#8221;default&#8221; custom_button=&#8221;on&#8221; custom_margin=&#8221;|30px|20px|30px|false|true&#8221; custom_padding=&#8221;||||false|false&#8221; global_colors_info=&#8221;{}&#8221;][\/et_pb_button][\/et_pb_column][et_pb_column type=&#8221;1_3&#8243; _builder_version=&#8221;4.16&#8243; _module_preset=&#8221;default&#8221; background_color=&#8221;#ffffff&#8221; background_enable_image=&#8221;off&#8221; global_colors_info=&#8221;{}&#8221;][et_pb_blurb use_icon=&#8221;on&#8221; font_icon=&#8221;&#xe01d;||divi||400&#8243; image_icon_width=&#8221;45px&#8221; _builder_version=&#8221;4.16&#8243; _module_preset=&#8221;default&#8221; custom_margin=&#8221;||0px||false|false&#8221; custom_padding=&#8221;40px||||false|false&#8221; icon_font_size=&#8221;45px&#8221; global_colors_info=&#8221;{}&#8221;][\/et_pb_blurb][et_pb_text _builder_version=&#8221;4.16&#8243; _module_preset=&#8221;default&#8221; text_font=&#8221;Helvetica Neue LT 83||||||||&#8221; text_font_size=&#8221;19px&#8221; header_2_font_size=&#8221;21px&#8221; header_5_font_size=&#8221;9px&#8221; header_6_text_color=&#8221;#e25303&#8243; header_6_letter_spacing=&#8221;1px&#8221; header_6_line_height=&#8221;1.4em&#8221; custom_margin=&#8221;||8px||false|false&#8221; custom_padding=&#8221;20px|30px|0px|30px|false|true&#8221; global_colors_info=&#8221;{}&#8221;]<\/p>\n<h4>Where to buy<\/h4>\n<p>[\/et_pb_text][et_pb_text _builder_version=&#8221;4.16&#8243; _module_preset=&#8221;default&#8221; custom_margin=&#8221;-8px||||false|false&#8221; custom_padding=&#8221;0px|30px|20px|30px|false|true&#8221; global_colors_info=&#8221;{}&#8221;]<\/p>\n<p>Schwank reps will help you select the units and designs that best fit your application, at no charge.<\/p>\n<p>[\/et_pb_text][et_pb_button button_url=&#8221;\/locator\/&#8221; button_text=&#8221;Locator map&#8221; _builder_version=&#8221;4.16&#8243; _module_preset=&#8221;default&#8221; custom_button=&#8221;on&#8221; custom_margin=&#8221;|30px|20px|30px|false|true&#8221; custom_padding=&#8221;||||false|false&#8221; global_colors_info=&#8221;{}&#8221;][\/et_pb_button][\/et_pb_column][et_pb_column type=&#8221;1_3&#8243; _builder_version=&#8221;4.16&#8243; _module_preset=&#8221;default&#8221; background_color=&#8221;#ffffff&#8221; background_enable_image=&#8221;off&#8221; global_colors_info=&#8221;{}&#8221;][et_pb_blurb use_icon=&#8221;on&#8221; font_icon=&#8221;&#x6b;||divi||400&#8243; image_icon_width=&#8221;45px&#8221; _builder_version=&#8221;4.16&#8243; _module_preset=&#8221;default&#8221; custom_margin=&#8221;||0px||false|false&#8221; custom_padding=&#8221;40px||||false|false&#8221; icon_font_size=&#8221;45px&#8221; global_colors_info=&#8221;{}&#8221;][\/et_pb_blurb][et_pb_text _builder_version=&#8221;4.16&#8243; _module_preset=&#8221;default&#8221; text_font=&#8221;Helvetica Neue LT 83||||||||&#8221; text_font_size=&#8221;19px&#8221; header_2_font_size=&#8221;21px&#8221; header_5_font_size=&#8221;9px&#8221; header_6_text_color=&#8221;#e25303&#8243; header_6_letter_spacing=&#8221;1px&#8221; header_6_line_height=&#8221;1.4em&#8221; custom_margin=&#8221;||8px||false|false&#8221; custom_padding=&#8221;20px|30px|0px|30px|false|true&#8221; global_colors_info=&#8221;{}&#8221;]<\/p>\n<h4>Request a design<\/h4>\n<p>[\/et_pb_text][et_pb_text _builder_version=&#8221;4.23&#8243; _module_preset=&#8221;default&#8221; custom_margin=&#8221;-8px||||false|false&#8221; custom_padding=&#8221;0px|30px|20px|30px|false|true&#8221; global_colors_info=&#8221;{}&#8221;]<\/p>\n<p>We can recommend, support specifying, and be a partner through the entire design process.<\/p>\n<p>[\/et_pb_text][et_pb_button button_url=&#8221;\/support&#8221; button_text=&#8221;Request your design&#8221; _builder_version=&#8221;4.16&#8243; _module_preset=&#8221;default&#8221; custom_button=&#8221;on&#8221; custom_margin=&#8221;|30px|20px|30px|false|true&#8221; custom_padding=&#8221;||||false|false&#8221; global_colors_info=&#8221;{}&#8221;][\/et_pb_button][\/et_pb_column][\/et_pb_row][\/et_pb_section]<\/p>\n","protected":false},"excerpt":{"rendered":"<p>GarantieChauffages de terrasse \/ Chauffages \u00e0 haute intensit\u00e9 Mod\u00e8le All ComponentsMod\u00e8le Tous les composants Br\u00fbleur \u00e0 tuiles c\u00e9ramiques supremeSchwank 1 3 3 electricSchwank 2 - - ecoSchwank 2 10 - Chauffe-tubes Mod\u00e8le Tous les composants Tubes de br\u00fbleur superTube SST S\u00e9rie 3 10 10 premierSchwank STS 3 10 10 builderSchwank S100 \/ S100U 2 5 5 builderSchwank SET\/SETU 2 5 5 duraSchwank 3 10 10 S\u00e9rie P40U 3 10 10 P40 R\u00e9sidentiel 3 - - Rideaux d'air Mod\u00e8le Tous les composants Breeze8 (S\u00e9rie 2000) 2 Breeze 9 (S\u00e9rie 1200) 1 Breeze10 (S\u00e9rie 2500) 2 Swift 5 S\u00e9rie 1 Select12 \/ 12R S\u00e9rie 5 (couverture limit\u00e9e) Select14 \/ 14R S\u00e9rie 5 (couverture limit\u00e9e) Epic14 S\u00e9rie \u00c9lectrique-Chauffage \u00e9lectrique 1.5 (couverture limit\u00e9e) Epic14 Series Ambient 5 (couverture limit\u00e9e) Get started Pour plus d'informations ou pour acheter, contactez-nousGet in touchPour toute question d'ordre g\u00e9n\u00e9ral, appelez-nous sans frais (USA &amp; Canada) 1-877-686-3779 ou envoyez un e-mail \u00e0 nos experts. O\u00f9 acheterLes repr\u00e9sentants de Schwank vous aideront \u00e0 s\u00e9lectionner les unit\u00e9s et les mod\u00e8les qui conviennent le mieux \u00e0 votre application, sans frais.Demander un mod\u00e8leNous pouvons vous recommander, vous aider \u00e0 sp\u00e9cifier et \u00eatre un partenaire tout au long du processus de conception.<\/p>","protected":false},"author":3377,"featured_media":0,"parent":1174,"menu_order":54,"comment_status":"closed","ping_status":"closed","template":"","meta":{"_acf_changed":false,"_et_pb_use_builder":"on","_et_pb_old_content":"","_et_gb_content_width":"","footnotes":""},"class_list":["post-15209","page","type-page","status-publish","hentry"],"acf":[],"aioseo_notices":[],"_links":{"self":[{"href":"https:\/\/www.schwankgroup.com\/fr\/wp-json\/wp\/v2\/pages\/15209","targetHints":{"allow":["GET"]}}],"collection":[{"href":"https:\/\/www.schwankgroup.com\/fr\/wp-json\/wp\/v2\/pages"}],"about":[{"href":"https:\/\/www.schwankgroup.com\/fr\/wp-json\/wp\/v2\/types\/page"}],"author":[{"embeddable":true,"href":"https:\/\/www.schwankgroup.com\/fr\/wp-json\/wp\/v2\/users\/3377"}],"replies":[{"embeddable":true,"href":"https:\/\/www.schwankgroup.com\/fr\/wp-json\/wp\/v2\/comments?post=15209"}],"version-history":[{"count":0,"href":"https:\/\/www.schwankgroup.com\/fr\/wp-json\/wp\/v2\/pages\/15209\/revisions"}],"up":[{"embeddable":true,"href":"https:\/\/www.schwankgroup.com\/fr\/wp-json\/wp\/v2\/pages\/1174"}],"wp:attachment":[{"href":"https:\/\/www.schwankgroup.com\/fr\/wp-json\/wp\/v2\/media?parent=15209"}],"curies":[{"name":"wp","href":"https:\/\/api.w.org\/{rel}","templated":true}]}}